{"id":3816,"date":"2021-03-21T11:36:20","date_gmt":"2021-03-21T11:36:20","guid":{"rendered":"https:\/\/shop.les4saisonsduvexin.com\/?post_type=product&#038;p=3816"},"modified":"2025-09-07T17:19:22","modified_gmt":"2025-09-07T17:19:22","slug":"celeri-rave","status":"publish","type":"product","link":"https:\/\/shop.les4saisonsduvexin.com\/index.php\/produit\/celeri-rave\/","title":{"rendered":"C\u00e9leri rave"},"content":{"rendered":"<div class=\"woocommerce-product-detail__short-description\">\n<p>Connu depuis l\u2019Antiquit\u00e9, cultiv\u00e9 d\u00e8s le 16e si\u00e8cle, le c\u00e9leri-rave a fait progressivement son entr\u00e9e dans les cuisines. Ce l\u00e9gume rustique s\u2019est d\u00e9velopp\u00e9 et a impos\u00e9 sa pr\u00e9sence sur les \u00e9tals gr\u00e2ce \u00e0 sa chair savoureuse, croquante quand elle est crue, fondante apr\u00e8s cuisson. Ce beau c\u00e9leri tout en rondeur est tr\u00e8s concentr\u00e9 en vitamines et min\u00e9raux essentiels, tout en \u00e9tant tr\u00e8s peu \u00e9nerg\u00e9tique. Invitez-le r\u00e9guli\u00e8rement dans vos assiettes pour savourer tous les bienfaits de sa chair d\u00e9licate.<\/p>\n<\/div>\n","protected":false},"excerpt":{"rendered":"<p>Origine : France Vexin<\/p>\n<p>Prix \u00e0 la pi\u00e8ce<\/p>\n","protected":false},"featured_media":3404,"template":"","meta":[],"product_brand":[],"product_cat":[26,18,19],"product_tag":[],"class_list":{"0":"post-3816","1":"product","2":"type-product","3":"status-publish","4":"has-post-thumbnail","6":"product_cat-legumes","7":"product_cat-legumes-de-saison","8":"product_cat-production-locale","10":"first","11":"instock","12":"shipping-taxable","13":"purchasable","14":"product-type-simple"},"yoast_head":"<!-- This site is optimized with the Yoast SEO plugin v27.5 - https:\/\/yoast.com\/product\/yoast-seo-wordpress\/ -->\n<title>C\u00e9leri rave - Boutique Les 4 Saisons du Vexin<\/title>\n<meta name=\"robots\" content=\"index, follow, max-snippet:-1, max-image-preview:large, max-video-preview:-1\" \/>\n<link rel=\"canonical\" href=\"https:\/\/shop.les4saisonsduvexin.com\/index.php\/produit\/celeri-rave\/\" \/>\n<meta property=\"og:locale\" content=\"fr_FR\" \/>\n<meta property=\"og:type\" content=\"article\" \/>\n<meta property=\"og:title\" content=\"C\u00e9leri rave - Boutique Les 4 Saisons du Vexin\" \/>\n<meta property=\"og:description\" content=\"Origine : France Vexin  Prix \u00e0 la pi\u00e8ce\" \/>\n<meta property=\"og:url\" content=\"https:\/\/shop.les4saisonsduvexin.com\/index.php\/produit\/celeri-rave\/\" \/>\n<meta property=\"og:site_name\" content=\"Boutique Les 4 Saisons du Vexin\" \/>\n<meta property=\"article:modified_time\" content=\"2025-09-07T17:19:22+00:00\" \/>\n<meta property=\"og:image\" content=\"https:\/\/shop.les4saisonsduvexin.com\/wp-content\/uploads\/2021\/03\/OIP.jNIK38b8v9KE4Q2ahIvzcAHaE8.jpeg\" \/>\n\t<meta property=\"og:image:width\" content=\"474\" \/>\n\t<meta property=\"og:image:height\" content=\"316\" \/>\n\t<meta property=\"og:image:type\" content=\"image\/jpeg\" \/>\n<meta name=\"twitter:card\" content=\"summary_large_image\" \/>\n<meta name=\"twitter:label1\" content=\"Dur\u00e9e de lecture estim\u00e9e\" \/>\n\t<meta name=\"twitter:data1\" content=\"1 minute\" \/>\n<script type=\"application\/ld+json\" class=\"yoast-schema-graph\">{\"@context\":\"https:\\\/\\\/schema.org\",\"@graph\":[{\"@type\":\"WebPage\",\"@id\":\"https:\\\/\\\/shop.les4saisonsduvexin.com\\\/index.php\\\/produit\\\/celeri-rave\\\/\",\"url\":\"https:\\\/\\\/shop.les4saisonsduvexin.com\\\/index.php\\\/produit\\\/celeri-rave\\\/\",\"name\":\"C\u00e9leri rave - Boutique Les 4 Saisons du Vexin\",\"isPartOf\":{\"@id\":\"https:\\\/\\\/shop.les4saisonsduvexin.com\\\/#website\"},\"primaryImageOfPage\":{\"@id\":\"https:\\\/\\\/shop.les4saisonsduvexin.com\\\/index.php\\\/produit\\\/celeri-rave\\\/#primaryimage\"},\"image\":{\"@id\":\"https:\\\/\\\/shop.les4saisonsduvexin.com\\\/index.php\\\/produit\\\/celeri-rave\\\/#primaryimage\"},\"thumbnailUrl\":\"https:\\\/\\\/shop.les4saisonsduvexin.com\\\/wp-content\\\/uploads\\\/2021\\\/03\\\/OIP.jNIK38b8v9KE4Q2ahIvzcAHaE8.jpeg\",\"datePublished\":\"2021-03-21T11:36:20+00:00\",\"dateModified\":\"2025-09-07T17:19:22+00:00\",\"breadcrumb\":{\"@id\":\"https:\\\/\\\/shop.les4saisonsduvexin.com\\\/index.php\\\/produit\\\/celeri-rave\\\/#breadcrumb\"},\"inLanguage\":\"fr-FR\",\"potentialAction\":[{\"@type\":\"ReadAction\",\"target\":[\"https:\\\/\\\/shop.les4saisonsduvexin.com\\\/index.php\\\/produit\\\/celeri-rave\\\/\"]}]},{\"@type\":\"ImageObject\",\"inLanguage\":\"fr-FR\",\"@id\":\"https:\\\/\\\/shop.les4saisonsduvexin.com\\\/index.php\\\/produit\\\/celeri-rave\\\/#primaryimage\",\"url\":\"https:\\\/\\\/shop.les4saisonsduvexin.com\\\/wp-content\\\/uploads\\\/2021\\\/03\\\/OIP.jNIK38b8v9KE4Q2ahIvzcAHaE8.jpeg\",\"contentUrl\":\"https:\\\/\\\/shop.les4saisonsduvexin.com\\\/wp-content\\\/uploads\\\/2021\\\/03\\\/OIP.jNIK38b8v9KE4Q2ahIvzcAHaE8.jpeg\",\"width\":474,\"height\":316},{\"@type\":\"BreadcrumbList\",\"@id\":\"https:\\\/\\\/shop.les4saisonsduvexin.com\\\/index.php\\\/produit\\\/celeri-rave\\\/#breadcrumb\",\"itemListElement\":[{\"@type\":\"ListItem\",\"position\":1,\"name\":\"Accueil\",\"item\":\"https:\\\/\\\/shop.les4saisonsduvexin.com\\\/\"},{\"@type\":\"ListItem\",\"position\":2,\"name\":\"Boutique\",\"item\":\"https:\\\/\\\/shop.les4saisonsduvexin.com\\\/\"},{\"@type\":\"ListItem\",\"position\":3,\"name\":\"C\u00e9leri rave\"}]},{\"@type\":\"WebSite\",\"@id\":\"https:\\\/\\\/shop.les4saisonsduvexin.com\\\/#website\",\"url\":\"https:\\\/\\\/shop.les4saisonsduvexin.com\\\/\",\"name\":\"Boutique Les 4 Saisons du Vexin\",\"description\":\"\",\"publisher\":{\"@id\":\"https:\\\/\\\/shop.les4saisonsduvexin.com\\\/#organization\"},\"potentialAction\":[{\"@type\":\"SearchAction\",\"target\":{\"@type\":\"EntryPoint\",\"urlTemplate\":\"https:\\\/\\\/shop.les4saisonsduvexin.com\\\/?s={search_term_string}\"},\"query-input\":{\"@type\":\"PropertyValueSpecification\",\"valueRequired\":true,\"valueName\":\"search_term_string\"}}],\"inLanguage\":\"fr-FR\"},{\"@type\":\"Organization\",\"@id\":\"https:\\\/\\\/shop.les4saisonsduvexin.com\\\/#organization\",\"name\":\"Boutique Les 4 Saisons du Vexin\",\"url\":\"https:\\\/\\\/shop.les4saisonsduvexin.com\\\/\",\"logo\":{\"@type\":\"ImageObject\",\"inLanguage\":\"fr-FR\",\"@id\":\"https:\\\/\\\/shop.les4saisonsduvexin.com\\\/#\\\/schema\\\/logo\\\/image\\\/\",\"url\":\"https:\\\/\\\/shop.les4saisonsduvexin.com\\\/wp-content\\\/uploads\\\/Logo-4-saisons-du-vexin.png\",\"contentUrl\":\"https:\\\/\\\/shop.les4saisonsduvexin.com\\\/wp-content\\\/uploads\\\/Logo-4-saisons-du-vexin.png\",\"width\":200,\"height\":97,\"caption\":\"Boutique Les 4 Saisons du Vexin\"},\"image\":{\"@id\":\"https:\\\/\\\/shop.les4saisonsduvexin.com\\\/#\\\/schema\\\/logo\\\/image\\\/\"}}]}<\/script>\n<!-- \/ Yoast SEO plugin. -->","yoast_head_json":{"title":"C\u00e9leri rave - Boutique Les 4 Saisons du Vexin","robots":{"index":"index","follow":"follow","max-snippet":"max-snippet:-1","max-image-preview":"max-image-preview:large","max-video-preview":"max-video-preview:-1"},"canonical":"https:\/\/shop.les4saisonsduvexin.com\/index.php\/produit\/celeri-rave\/","og_locale":"fr_FR","og_type":"article","og_title":"C\u00e9leri rave - Boutique Les 4 Saisons du Vexin","og_description":"Origine : France Vexin  Prix \u00e0 la pi\u00e8ce","og_url":"https:\/\/shop.les4saisonsduvexin.com\/index.php\/produit\/celeri-rave\/","og_site_name":"Boutique Les 4 Saisons du Vexin","article_modified_time":"2025-09-07T17:19:22+00:00","og_image":[{"width":474,"height":316,"url":"https:\/\/shop.les4saisonsduvexin.com\/wp-content\/uploads\/2021\/03\/OIP.jNIK38b8v9KE4Q2ahIvzcAHaE8.jpeg","type":"image\/jpeg"}],"twitter_card":"summary_large_image","twitter_misc":{"Dur\u00e9e de lecture estim\u00e9e":"1 minute"},"schema":{"@context":"https:\/\/schema.org","@graph":[{"@type":"WebPage","@id":"https:\/\/shop.les4saisonsduvexin.com\/index.php\/produit\/celeri-rave\/","url":"https:\/\/shop.les4saisonsduvexin.com\/index.php\/produit\/celeri-rave\/","name":"C\u00e9leri rave - Boutique Les 4 Saisons du Vexin","isPartOf":{"@id":"https:\/\/shop.les4saisonsduvexin.com\/#website"},"primaryImageOfPage":{"@id":"https:\/\/shop.les4saisonsduvexin.com\/index.php\/produit\/celeri-rave\/#primaryimage"},"image":{"@id":"https:\/\/shop.les4saisonsduvexin.com\/index.php\/produit\/celeri-rave\/#primaryimage"},"thumbnailUrl":"https:\/\/shop.les4saisonsduvexin.com\/wp-content\/uploads\/2021\/03\/OIP.jNIK38b8v9KE4Q2ahIvzcAHaE8.jpeg","datePublished":"2021-03-21T11:36:20+00:00","dateModified":"2025-09-07T17:19:22+00:00","breadcrumb":{"@id":"https:\/\/shop.les4saisonsduvexin.com\/index.php\/produit\/celeri-rave\/#breadcrumb"},"inLanguage":"fr-FR","potentialAction":[{"@type":"ReadAction","target":["https:\/\/shop.les4saisonsduvexin.com\/index.php\/produit\/celeri-rave\/"]}]},{"@type":"ImageObject","inLanguage":"fr-FR","@id":"https:\/\/shop.les4saisonsduvexin.com\/index.php\/produit\/celeri-rave\/#primaryimage","url":"https:\/\/shop.les4saisonsduvexin.com\/wp-content\/uploads\/2021\/03\/OIP.jNIK38b8v9KE4Q2ahIvzcAHaE8.jpeg","contentUrl":"https:\/\/shop.les4saisonsduvexin.com\/wp-content\/uploads\/2021\/03\/OIP.jNIK38b8v9KE4Q2ahIvzcAHaE8.jpeg","width":474,"height":316},{"@type":"BreadcrumbList","@id":"https:\/\/shop.les4saisonsduvexin.com\/index.php\/produit\/celeri-rave\/#breadcrumb","itemListElement":[{"@type":"ListItem","position":1,"name":"Accueil","item":"https:\/\/shop.les4saisonsduvexin.com\/"},{"@type":"ListItem","position":2,"name":"Boutique","item":"https:\/\/shop.les4saisonsduvexin.com\/"},{"@type":"ListItem","position":3,"name":"C\u00e9leri rave"}]},{"@type":"WebSite","@id":"https:\/\/shop.les4saisonsduvexin.com\/#website","url":"https:\/\/shop.les4saisonsduvexin.com\/","name":"Boutique Les 4 Saisons du Vexin","description":"","publisher":{"@id":"https:\/\/shop.les4saisonsduvexin.com\/#organization"},"potentialAction":[{"@type":"SearchAction","target":{"@type":"EntryPoint","urlTemplate":"https:\/\/shop.les4saisonsduvexin.com\/?s={search_term_string}"},"query-input":{"@type":"PropertyValueSpecification","valueRequired":true,"valueName":"search_term_string"}}],"inLanguage":"fr-FR"},{"@type":"Organization","@id":"https:\/\/shop.les4saisonsduvexin.com\/#organization","name":"Boutique Les 4 Saisons du Vexin","url":"https:\/\/shop.les4saisonsduvexin.com\/","logo":{"@type":"ImageObject","inLanguage":"fr-FR","@id":"https:\/\/shop.les4saisonsduvexin.com\/#\/schema\/logo\/image\/","url":"https:\/\/shop.les4saisonsduvexin.com\/wp-content\/uploads\/Logo-4-saisons-du-vexin.png","contentUrl":"https:\/\/shop.les4saisonsduvexin.com\/wp-content\/uploads\/Logo-4-saisons-du-vexin.png","width":200,"height":97,"caption":"Boutique Les 4 Saisons du Vexin"},"image":{"@id":"https:\/\/shop.les4saisonsduvexin.com\/#\/schema\/logo\/image\/"}}]}},"jetpack_sharing_enabled":true,"tiered_pricing_type":"fixed","tiered_pricing_fixed_rules":[],"tiered_pricing_product_settings":{"layout":"default","base_unit_name":{"singular":null,"plural":null},"default_variation":null},"tiered_pricing_minimum_quantity":null,"tiered_pricing_roles_data":[],"tiered_pricing_percentage_rules":[],"_links":{"self":[{"href":"https:\/\/shop.les4saisonsduvexin.com\/index.php\/wp-json\/wp\/v2\/product\/3816","targetHints":{"allow":["GET"]}}],"collection":[{"href":"https:\/\/shop.les4saisonsduvexin.com\/index.php\/wp-json\/wp\/v2\/product"}],"about":[{"href":"https:\/\/shop.les4saisonsduvexin.com\/index.php\/wp-json\/wp\/v2\/types\/product"}],"wp:featuredmedia":[{"embeddable":true,"href":"https:\/\/shop.les4saisonsduvexin.com\/index.php\/wp-json\/wp\/v2\/media\/3404"}],"wp:attachment":[{"href":"https:\/\/shop.les4saisonsduvexin.com\/index.php\/wp-json\/wp\/v2\/media?parent=3816"}],"wp:term":[{"taxonomy":"product_brand","embeddable":true,"href":"https:\/\/shop.les4saisonsduvexin.com\/index.php\/wp-json\/wp\/v2\/product_brand?post=3816"},{"taxonomy":"product_cat","embeddable":true,"href":"https:\/\/shop.les4saisonsduvexin.com\/index.php\/wp-json\/wp\/v2\/product_cat?post=3816"},{"taxonomy":"product_tag","embeddable":true,"href":"https:\/\/shop.les4saisonsduvexin.com\/index.php\/wp-json\/wp\/v2\/product_tag?post=3816"}],"curies":[{"name":"wp","href":"https:\/\/api.w.org\/{rel}","templated":true}]}}