{"id":3891,"date":"2021-03-21T11:36:39","date_gmt":"2021-03-21T11:36:39","guid":{"rendered":"https:\/\/shop.les4saisonsduvexin.com\/?post_type=product&#038;p=3891"},"modified":"2026-04-02T17:14:30","modified_gmt":"2026-04-02T17:14:30","slug":"fraises-2","status":"publish","type":"product","link":"https:\/\/shop.les4saisonsduvexin.com\/index.php\/produit\/fraises-2\/","title":{"rendered":"Fraises Cl\u00e9ry"},"content":{"rendered":"<div class=\"woocommerce-product-detail__short-description\">\n<div class=\"texteToggleSize\">\n<p>Chaque ann\u00e9e\u00a0<strong>au printemps<\/strong>, les fraises font leur retour sur les \u00e9tals, et ce pour notre plus grand plaisir\u00a0!\u00a0Elles redonnent des couleurs \u00e0 nos assiettes, \u00e9moustillent nos papilles\u2026 et surtout nous apportent\u00a0<strong>une bonne dose de vitamines et d\u2019antioxydants<\/strong>. Peu caloriques, elles peuvent m\u00eame se\u00a0<strong>consommer sans mod\u00e9ration<\/strong>. Il ne vous reste plus qu\u2019\u00e0 trouver la vari\u00e9t\u00e9 la plus \u00e0 votre go\u00fbt\u2026<\/p>\n<\/div>\n<div class=\"texteToggleSize\">\n<ul>\n<li>Une fraise p\u00e8se\u00a0<strong>10 grammes en moyenne<\/strong>. Selon les vari\u00e9t\u00e9s, sa robe peut \u00eatre rouge ou orang\u00e9e et sa chair sucr\u00e9e ou acidul\u00e9e.<\/li>\n<\/ul>\n<ul>\n<li>Principalement consomm\u00e9e\u00a0<strong>crue<\/strong>, la fraise peut \u00e9galement se pr\u00eater \u00e0 des\u00a0<strong>cuissons rapides<\/strong>\u00a0\u00e0 la po\u00eale ou au four en papillote. Elle se cuisine volontiers, que ce soit en\u00a0<strong>version sucr\u00e9e<\/strong>\u00a0ou en\u00a0<strong>version sal\u00e9e<\/strong>. Tentez l\u2019exp\u00e9rience, vous ne serez pas d\u00e9\u00e7us\u00a0!<\/li>\n<\/ul>\n<ul>\n<li>La fraise est l\u2019un des fruits qui contient le plus de\u00a0<strong>vitamine C<\/strong>. \u00c0 l\u2019approche des beaux jours, elle prend ainsi le relais des agrumes pour recharger vos batteries. Comme tous les fruits rouges, elle est, par ailleurs, dot\u00e9e d\u2019un\u00a0<strong>excellent pouvoir antioxydant<\/strong>.\u00a0<strong>Peu calorique<\/strong>, vous pouvez en manger sans compter.<\/li>\n<\/ul>\n<ul>\n<li>Le\u00a0<strong>c\u0153ur de saison<\/strong>\u00a0de la fraise se situe\u00a0<strong>entre fin mars et juin<\/strong> ; certaines vari\u00e9t\u00e9s continuent \u00e0 approvisionner le march\u00e9 tout l\u2019\u00e9t\u00e9 puis les remontantes prennent le relais jusqu&rsquo;en novembre.<\/li>\n<\/ul>\n<\/div>\n<\/div>\n","protected":false},"excerpt":{"rendered":"<div class=\"woocommerce-product-detail__short-description\">\n<p>Origine : France Carpentras<br \/>\nPrix \u00e0 la barquette de 500 gr<\/p>\n<\/div>\n","protected":false},"featured_media":3406,"template":"","meta":[],"product_brand":[],"product_cat":[21,22,20],"product_tag":[],"class_list":{"0":"post-3891","1":"product","2":"type-product","3":"status-publish","4":"has-post-thumbnail","6":"product_cat-fruits","7":"product_cat-fruits-de-saison","8":"product_cat-nouveautes","10":"first","11":"instock","12":"shipping-taxable","13":"purchasable","14":"product-type-simple"},"yoast_head":"<!-- This site is optimized with the Yoast SEO plugin v27.3 - https:\/\/yoast.com\/product\/yoast-seo-wordpress\/ -->\n<title>Fraises Cl\u00e9ry - Boutique Les 4 Saisons du Vexin<\/title>\n<meta name=\"robots\" content=\"index, follow, max-snippet:-1, max-image-preview:large, max-video-preview:-1\" \/>\n<link rel=\"canonical\" href=\"https:\/\/shop.les4saisonsduvexin.com\/index.php\/produit\/fraises-2\/\" \/>\n<meta property=\"og:locale\" content=\"fr_FR\" \/>\n<meta property=\"og:type\" content=\"article\" \/>\n<meta property=\"og:title\" content=\"Fraises Cl\u00e9ry - Boutique Les 4 Saisons du Vexin\" \/>\n<meta property=\"og:description\" content=\"Origine : France Carpentras Prix \u00e0 la barquette de 500 gr\" \/>\n<meta property=\"og:url\" content=\"https:\/\/shop.les4saisonsduvexin.com\/index.php\/produit\/fraises-2\/\" \/>\n<meta property=\"og:site_name\" content=\"Boutique Les 4 Saisons du Vexin\" \/>\n<meta property=\"article:modified_time\" content=\"2026-04-02T17:14:30+00:00\" \/>\n<meta property=\"og:image\" content=\"https:\/\/shop.les4saisonsduvexin.com\/wp-content\/uploads\/2021\/03\/OIP.JUIMcgupIAuOhibiXcwIhAHaFE.jpeg\" \/>\n\t<meta property=\"og:image:width\" content=\"474\" \/>\n\t<meta property=\"og:image:height\" content=\"324\" \/>\n\t<meta property=\"og:image:type\" content=\"image\/jpeg\" \/>\n<meta name=\"twitter:card\" content=\"summary_large_image\" \/>\n<meta name=\"twitter:label1\" content=\"Dur\u00e9e de lecture estim\u00e9e\" \/>\n\t<meta name=\"twitter:data1\" content=\"2 minutes\" \/>\n<script type=\"application\/ld+json\" class=\"yoast-schema-graph\">{\"@context\":\"https:\\\/\\\/schema.org\",\"@graph\":[{\"@type\":\"WebPage\",\"@id\":\"https:\\\/\\\/shop.les4saisonsduvexin.com\\\/index.php\\\/produit\\\/fraises-2\\\/\",\"url\":\"https:\\\/\\\/shop.les4saisonsduvexin.com\\\/index.php\\\/produit\\\/fraises-2\\\/\",\"name\":\"Fraises Cl\u00e9ry - Boutique Les 4 Saisons du Vexin\",\"isPartOf\":{\"@id\":\"https:\\\/\\\/shop.les4saisonsduvexin.com\\\/#website\"},\"primaryImageOfPage\":{\"@id\":\"https:\\\/\\\/shop.les4saisonsduvexin.com\\\/index.php\\\/produit\\\/fraises-2\\\/#primaryimage\"},\"image\":{\"@id\":\"https:\\\/\\\/shop.les4saisonsduvexin.com\\\/index.php\\\/produit\\\/fraises-2\\\/#primaryimage\"},\"thumbnailUrl\":\"https:\\\/\\\/shop.les4saisonsduvexin.com\\\/wp-content\\\/uploads\\\/2021\\\/03\\\/OIP.JUIMcgupIAuOhibiXcwIhAHaFE.jpeg\",\"datePublished\":\"2021-03-21T11:36:39+00:00\",\"dateModified\":\"2026-04-02T17:14:30+00:00\",\"breadcrumb\":{\"@id\":\"https:\\\/\\\/shop.les4saisonsduvexin.com\\\/index.php\\\/produit\\\/fraises-2\\\/#breadcrumb\"},\"inLanguage\":\"fr-FR\",\"potentialAction\":[{\"@type\":\"ReadAction\",\"target\":[\"https:\\\/\\\/shop.les4saisonsduvexin.com\\\/index.php\\\/produit\\\/fraises-2\\\/\"]}]},{\"@type\":\"ImageObject\",\"inLanguage\":\"fr-FR\",\"@id\":\"https:\\\/\\\/shop.les4saisonsduvexin.com\\\/index.php\\\/produit\\\/fraises-2\\\/#primaryimage\",\"url\":\"https:\\\/\\\/shop.les4saisonsduvexin.com\\\/wp-content\\\/uploads\\\/2021\\\/03\\\/OIP.JUIMcgupIAuOhibiXcwIhAHaFE.jpeg\",\"contentUrl\":\"https:\\\/\\\/shop.les4saisonsduvexin.com\\\/wp-content\\\/uploads\\\/2021\\\/03\\\/OIP.JUIMcgupIAuOhibiXcwIhAHaFE.jpeg\",\"width\":474,\"height\":324},{\"@type\":\"BreadcrumbList\",\"@id\":\"https:\\\/\\\/shop.les4saisonsduvexin.com\\\/index.php\\\/produit\\\/fraises-2\\\/#breadcrumb\",\"itemListElement\":[{\"@type\":\"ListItem\",\"position\":1,\"name\":\"Accueil\",\"item\":\"https:\\\/\\\/shop.les4saisonsduvexin.com\\\/\"},{\"@type\":\"ListItem\",\"position\":2,\"name\":\"Boutique\",\"item\":\"https:\\\/\\\/shop.les4saisonsduvexin.com\\\/\"},{\"@type\":\"ListItem\",\"position\":3,\"name\":\"Fraises Cl\u00e9ry\"}]},{\"@type\":\"WebSite\",\"@id\":\"https:\\\/\\\/shop.les4saisonsduvexin.com\\\/#website\",\"url\":\"https:\\\/\\\/shop.les4saisonsduvexin.com\\\/\",\"name\":\"Boutique Les 4 Saisons du Vexin\",\"description\":\"\",\"publisher\":{\"@id\":\"https:\\\/\\\/shop.les4saisonsduvexin.com\\\/#organization\"},\"potentialAction\":[{\"@type\":\"SearchAction\",\"target\":{\"@type\":\"EntryPoint\",\"urlTemplate\":\"https:\\\/\\\/shop.les4saisonsduvexin.com\\\/?s={search_term_string}\"},\"query-input\":{\"@type\":\"PropertyValueSpecification\",\"valueRequired\":true,\"valueName\":\"search_term_string\"}}],\"inLanguage\":\"fr-FR\"},{\"@type\":\"Organization\",\"@id\":\"https:\\\/\\\/shop.les4saisonsduvexin.com\\\/#organization\",\"name\":\"Boutique Les 4 Saisons du Vexin\",\"url\":\"https:\\\/\\\/shop.les4saisonsduvexin.com\\\/\",\"logo\":{\"@type\":\"ImageObject\",\"inLanguage\":\"fr-FR\",\"@id\":\"https:\\\/\\\/shop.les4saisonsduvexin.com\\\/#\\\/schema\\\/logo\\\/image\\\/\",\"url\":\"https:\\\/\\\/shop.les4saisonsduvexin.com\\\/wp-content\\\/uploads\\\/Logo-4-saisons-du-vexin.png\",\"contentUrl\":\"https:\\\/\\\/shop.les4saisonsduvexin.com\\\/wp-content\\\/uploads\\\/Logo-4-saisons-du-vexin.png\",\"width\":200,\"height\":97,\"caption\":\"Boutique Les 4 Saisons du Vexin\"},\"image\":{\"@id\":\"https:\\\/\\\/shop.les4saisonsduvexin.com\\\/#\\\/schema\\\/logo\\\/image\\\/\"}}]}<\/script>\n<!-- \/ Yoast SEO plugin. -->","yoast_head_json":{"title":"Fraises Cl\u00e9ry - Boutique Les 4 Saisons du Vexin","robots":{"index":"index","follow":"follow","max-snippet":"max-snippet:-1","max-image-preview":"max-image-preview:large","max-video-preview":"max-video-preview:-1"},"canonical":"https:\/\/shop.les4saisonsduvexin.com\/index.php\/produit\/fraises-2\/","og_locale":"fr_FR","og_type":"article","og_title":"Fraises Cl\u00e9ry - Boutique Les 4 Saisons du Vexin","og_description":"Origine : France Carpentras Prix \u00e0 la barquette de 500 gr","og_url":"https:\/\/shop.les4saisonsduvexin.com\/index.php\/produit\/fraises-2\/","og_site_name":"Boutique Les 4 Saisons du Vexin","article_modified_time":"2026-04-02T17:14:30+00:00","og_image":[{"width":474,"height":324,"url":"https:\/\/shop.les4saisonsduvexin.com\/wp-content\/uploads\/2021\/03\/OIP.JUIMcgupIAuOhibiXcwIhAHaFE.jpeg","type":"image\/jpeg"}],"twitter_card":"summary_large_image","twitter_misc":{"Dur\u00e9e de lecture estim\u00e9e":"2 minutes"},"schema":{"@context":"https:\/\/schema.org","@graph":[{"@type":"WebPage","@id":"https:\/\/shop.les4saisonsduvexin.com\/index.php\/produit\/fraises-2\/","url":"https:\/\/shop.les4saisonsduvexin.com\/index.php\/produit\/fraises-2\/","name":"Fraises Cl\u00e9ry - Boutique Les 4 Saisons du Vexin","isPartOf":{"@id":"https:\/\/shop.les4saisonsduvexin.com\/#website"},"primaryImageOfPage":{"@id":"https:\/\/shop.les4saisonsduvexin.com\/index.php\/produit\/fraises-2\/#primaryimage"},"image":{"@id":"https:\/\/shop.les4saisonsduvexin.com\/index.php\/produit\/fraises-2\/#primaryimage"},"thumbnailUrl":"https:\/\/shop.les4saisonsduvexin.com\/wp-content\/uploads\/2021\/03\/OIP.JUIMcgupIAuOhibiXcwIhAHaFE.jpeg","datePublished":"2021-03-21T11:36:39+00:00","dateModified":"2026-04-02T17:14:30+00:00","breadcrumb":{"@id":"https:\/\/shop.les4saisonsduvexin.com\/index.php\/produit\/fraises-2\/#breadcrumb"},"inLanguage":"fr-FR","potentialAction":[{"@type":"ReadAction","target":["https:\/\/shop.les4saisonsduvexin.com\/index.php\/produit\/fraises-2\/"]}]},{"@type":"ImageObject","inLanguage":"fr-FR","@id":"https:\/\/shop.les4saisonsduvexin.com\/index.php\/produit\/fraises-2\/#primaryimage","url":"https:\/\/shop.les4saisonsduvexin.com\/wp-content\/uploads\/2021\/03\/OIP.JUIMcgupIAuOhibiXcwIhAHaFE.jpeg","contentUrl":"https:\/\/shop.les4saisonsduvexin.com\/wp-content\/uploads\/2021\/03\/OIP.JUIMcgupIAuOhibiXcwIhAHaFE.jpeg","width":474,"height":324},{"@type":"BreadcrumbList","@id":"https:\/\/shop.les4saisonsduvexin.com\/index.php\/produit\/fraises-2\/#breadcrumb","itemListElement":[{"@type":"ListItem","position":1,"name":"Accueil","item":"https:\/\/shop.les4saisonsduvexin.com\/"},{"@type":"ListItem","position":2,"name":"Boutique","item":"https:\/\/shop.les4saisonsduvexin.com\/"},{"@type":"ListItem","position":3,"name":"Fraises Cl\u00e9ry"}]},{"@type":"WebSite","@id":"https:\/\/shop.les4saisonsduvexin.com\/#website","url":"https:\/\/shop.les4saisonsduvexin.com\/","name":"Boutique Les 4 Saisons du Vexin","description":"","publisher":{"@id":"https:\/\/shop.les4saisonsduvexin.com\/#organization"},"potentialAction":[{"@type":"SearchAction","target":{"@type":"EntryPoint","urlTemplate":"https:\/\/shop.les4saisonsduvexin.com\/?s={search_term_string}"},"query-input":{"@type":"PropertyValueSpecification","valueRequired":true,"valueName":"search_term_string"}}],"inLanguage":"fr-FR"},{"@type":"Organization","@id":"https:\/\/shop.les4saisonsduvexin.com\/#organization","name":"Boutique Les 4 Saisons du Vexin","url":"https:\/\/shop.les4saisonsduvexin.com\/","logo":{"@type":"ImageObject","inLanguage":"fr-FR","@id":"https:\/\/shop.les4saisonsduvexin.com\/#\/schema\/logo\/image\/","url":"https:\/\/shop.les4saisonsduvexin.com\/wp-content\/uploads\/Logo-4-saisons-du-vexin.png","contentUrl":"https:\/\/shop.les4saisonsduvexin.com\/wp-content\/uploads\/Logo-4-saisons-du-vexin.png","width":200,"height":97,"caption":"Boutique Les 4 Saisons du Vexin"},"image":{"@id":"https:\/\/shop.les4saisonsduvexin.com\/#\/schema\/logo\/image\/"}}]}},"jetpack_sharing_enabled":true,"tiered_pricing_type":"fixed","tiered_pricing_fixed_rules":{"2":6.5},"tiered_pricing_product_settings":{"layout":"default","base_unit_name":{"singular":null,"plural":null},"default_variation":null},"tiered_pricing_minimum_quantity":null,"tiered_pricing_roles_data":[],"tiered_pricing_percentage_rules":[],"_links":{"self":[{"href":"https:\/\/shop.les4saisonsduvexin.com\/index.php\/wp-json\/wp\/v2\/product\/3891","targetHints":{"allow":["GET"]}}],"collection":[{"href":"https:\/\/shop.les4saisonsduvexin.com\/index.php\/wp-json\/wp\/v2\/product"}],"about":[{"href":"https:\/\/shop.les4saisonsduvexin.com\/index.php\/wp-json\/wp\/v2\/types\/product"}],"wp:featuredmedia":[{"embeddable":true,"href":"https:\/\/shop.les4saisonsduvexin.com\/index.php\/wp-json\/wp\/v2\/media\/3406"}],"wp:attachment":[{"href":"https:\/\/shop.les4saisonsduvexin.com\/index.php\/wp-json\/wp\/v2\/media?parent=3891"}],"wp:term":[{"taxonomy":"product_brand","embeddable":true,"href":"https:\/\/shop.les4saisonsduvexin.com\/index.php\/wp-json\/wp\/v2\/product_brand?post=3891"},{"taxonomy":"product_cat","embeddable":true,"href":"https:\/\/shop.les4saisonsduvexin.com\/index.php\/wp-json\/wp\/v2\/product_cat?post=3891"},{"taxonomy":"product_tag","embeddable":true,"href":"https:\/\/shop.les4saisonsduvexin.com\/index.php\/wp-json\/wp\/v2\/product_tag?post=3891"}],"curies":[{"name":"wp","href":"https:\/\/api.w.org\/{rel}","templated":true}]}}