{"id":3906,"date":"2021-03-21T11:36:46","date_gmt":"2021-03-21T11:36:46","guid":{"rendered":"https:\/\/shop.les4saisonsduvexin.com\/?post_type=product&#038;p=3906"},"modified":"2026-01-01T08:04:37","modified_gmt":"2026-01-01T08:04:37","slug":"pamplemousses-2","status":"publish","type":"product","link":"https:\/\/shop.les4saisonsduvexin.com\/index.php\/produit\/pamplemousses-2\/","title":{"rendered":"Pamplemousses roses"},"content":{"rendered":"<div class=\"woocommerce-product-detail__short-description\">\n<div class=\"texteToggleSize\">\n<p>D\u00e9couvert il y a pr\u00e8s de 200 ans, le pomelo est le\u00a0<strong>seul agrume \u00e0 ne pas \u00eatre originaire d\u2019Asie<\/strong>. Gr\u00e2ce \u00e0 sa\u00a0<strong>texture juteuse et gourmande<\/strong>, il a tr\u00e8s vite conquis les \u00c9tats-Unis puis l\u2019Europe. Cultiv\u00e9 sous les climats chauds, le pomelo est encore\u00a0<strong>r\u00e9colt\u00e9 de fa\u00e7on traditionnelle<\/strong>, \u00e0 la main. Pr\u00e9sent tout l\u2019hiver et au printemps,\u00a0<strong>cet agrume dynamise le quotidien<\/strong>\u00a0gr\u00e2ce \u00e0 sa richesse en vitamines et min\u00e9raux, et sa saveur g\u00e9n\u00e9reuse.<\/p>\n<\/div>\n<div class=\"texteToggleSize\">\n<ul>\n<li>Un pomelo p\u00e8se\u00a0<strong>400 g en moyenne<\/strong>. Sa peau jaune, parfois tachet\u00e9e de rose ou de rouge, dissimule une chair allant du\u00a0<strong>blond au rouge profond, en passant par le rose tendre<\/strong>. Sa pulpe gorg\u00e9e de jus est plus ou moins sucr\u00e9e ou acidul\u00e9e selon les vari\u00e9t\u00e9s.<\/li>\n<li><strong>Pomelo et pamplemousse sont souvent confondus<\/strong>, il s\u2019agit pourtant de deux esp\u00e8ces distinctes\u00a0! Alors que le pamplemousse vient d\u2019Asie du Sud-Est, le pomelo est originaire des Cara\u00efbes. Sa peau est plus fine et sa chair plus juteuse que celle de son cousin \u00e9loign\u00e9.<\/li>\n<li>Tr\u00e8s l\u00e9ger, le pomelo est un\u00a0<strong>concentr\u00e9 de vitamine C<\/strong>. Facile \u00e0 consommer, press\u00e9 ou \u00e0 la petite cuill\u00e8re, il\u00a0<strong>s\u2019int\u00e8gre facilement dans votre alimentation quotidienne<\/strong>. Alors, \u00e0 vous de jouer et b\u00e9n\u00e9ficiez du tonus qu\u2019il procure\u00a0!<\/li>\n<li>D\u00e9licieux nature, le pomelo est aussi savoureux dans tous vos plats. Il rel\u00e8ve \u00e0 merveille les viandes et poissons, remplit d\u2019\u00e9nergie les salades de crudit\u00e9s et vitamine vos desserts gourmands.<\/li>\n<li>Il existe de\u00a0<strong>multiples vari\u00e9t\u00e9s de pomelos<\/strong>. Certaines sont cultiv\u00e9es dans le sud de la France et en Corse, profitant de la chaleur du climat pour s\u2019\u00e9panouir.<\/li>\n<\/ul>\n<\/div>\n<p class=\"titre-gris\">Pomelo \u00e0 chair rose<\/p>\n<p>Un grand nombre de vari\u00e9t\u00e9s \u00e0 chair rose sont commercialis\u00e9es\u00a0:<strong>\u00a0le Ray Ruby, le Red Blush, le Rio Red et le Ruby Red<\/strong>. Les caract\u00e9ristiques de ces agrumes sont sensiblement les m\u00eames.<\/p>\n<ul>\n<li><em>Robe<\/em>\u00a0: une\u00a0<strong>belle pulpe d\u2019un rose plus ou moins soutenu, recouverte d\u2019une peau jaune, ombr\u00e9e<\/strong>\u00a0d\u2019un l\u00e9ger ros\u00e9.<\/li>\n<li><em>Production<\/em>\u00a0: ces vari\u00e9t\u00e9s sont cultiv\u00e9es sur le pourtour m\u00e9diterran\u00e9en, en Afrique du Sud et dans les Am\u00e9riques.<\/li>\n<li><em>En bouche<\/em>\u00a0: la\u00a0<strong>pulpe, peu sucr\u00e9e et l\u00e9g\u00e8rement acidul\u00e9e<\/strong>, est gorg\u00e9e de jus.<\/li>\n<\/ul>\n<\/div>\n","protected":false},"excerpt":{"rendered":"<div class=\"woocommerce-product-detail__short-description\">\n<p>Origine : Espagne<\/p>\n<p>Prix \u00e0 la pi\u00e8ce<\/p>\n<\/div>\n","protected":false},"featured_media":3423,"template":"","meta":[],"product_brand":[],"product_cat":[21,22,23],"product_tag":[],"class_list":{"0":"post-3906","1":"product","2":"type-product","3":"status-publish","4":"has-post-thumbnail","6":"product_cat-fruits","7":"product_cat-fruits-de-saison","8":"product_cat-promotions","10":"first","11":"instock","12":"shipping-taxable","13":"purchasable","14":"product-type-simple"},"yoast_head":"<!-- This site is optimized with the Yoast SEO plugin v27.5 - https:\/\/yoast.com\/product\/yoast-seo-wordpress\/ -->\n<title>Pamplemousses roses - Boutique Les 4 Saisons du Vexin<\/title>\n<meta name=\"robots\" content=\"index, follow, max-snippet:-1, max-image-preview:large, max-video-preview:-1\" \/>\n<link rel=\"canonical\" href=\"https:\/\/shop.les4saisonsduvexin.com\/index.php\/produit\/pamplemousses-2\/\" \/>\n<meta property=\"og:locale\" content=\"fr_FR\" \/>\n<meta property=\"og:type\" content=\"article\" \/>\n<meta property=\"og:title\" content=\"Pamplemousses roses - Boutique Les 4 Saisons du Vexin\" \/>\n<meta property=\"og:description\" content=\"Origine : Espagne  Prix \u00e0 la pi\u00e8ce\" \/>\n<meta property=\"og:url\" content=\"https:\/\/shop.les4saisonsduvexin.com\/index.php\/produit\/pamplemousses-2\/\" \/>\n<meta property=\"og:site_name\" content=\"Boutique Les 4 Saisons du Vexin\" \/>\n<meta property=\"article:modified_time\" content=\"2026-01-01T08:04:37+00:00\" \/>\n<meta property=\"og:image\" content=\"https:\/\/shop.les4saisonsduvexin.com\/wp-content\/uploads\/2021\/03\/pamplemousse.jpg\" \/>\n\t<meta property=\"og:image:width\" content=\"350\" \/>\n\t<meta property=\"og:image:height\" content=\"350\" \/>\n\t<meta property=\"og:image:type\" content=\"image\/jpeg\" \/>\n<meta name=\"twitter:card\" content=\"summary_large_image\" \/>\n<meta name=\"twitter:label1\" content=\"Dur\u00e9e de lecture estim\u00e9e\" \/>\n\t<meta name=\"twitter:data1\" content=\"2 minutes\" \/>\n<script type=\"application\/ld+json\" class=\"yoast-schema-graph\">{\"@context\":\"https:\\\/\\\/schema.org\",\"@graph\":[{\"@type\":\"WebPage\",\"@id\":\"https:\\\/\\\/shop.les4saisonsduvexin.com\\\/index.php\\\/produit\\\/pamplemousses-2\\\/\",\"url\":\"https:\\\/\\\/shop.les4saisonsduvexin.com\\\/index.php\\\/produit\\\/pamplemousses-2\\\/\",\"name\":\"Pamplemousses roses - Boutique Les 4 Saisons du Vexin\",\"isPartOf\":{\"@id\":\"https:\\\/\\\/shop.les4saisonsduvexin.com\\\/#website\"},\"primaryImageOfPage\":{\"@id\":\"https:\\\/\\\/shop.les4saisonsduvexin.com\\\/index.php\\\/produit\\\/pamplemousses-2\\\/#primaryimage\"},\"image\":{\"@id\":\"https:\\\/\\\/shop.les4saisonsduvexin.com\\\/index.php\\\/produit\\\/pamplemousses-2\\\/#primaryimage\"},\"thumbnailUrl\":\"https:\\\/\\\/shop.les4saisonsduvexin.com\\\/wp-content\\\/uploads\\\/2021\\\/03\\\/pamplemousse.jpg\",\"datePublished\":\"2021-03-21T11:36:46+00:00\",\"dateModified\":\"2026-01-01T08:04:37+00:00\",\"breadcrumb\":{\"@id\":\"https:\\\/\\\/shop.les4saisonsduvexin.com\\\/index.php\\\/produit\\\/pamplemousses-2\\\/#breadcrumb\"},\"inLanguage\":\"fr-FR\",\"potentialAction\":[{\"@type\":\"ReadAction\",\"target\":[\"https:\\\/\\\/shop.les4saisonsduvexin.com\\\/index.php\\\/produit\\\/pamplemousses-2\\\/\"]}]},{\"@type\":\"ImageObject\",\"inLanguage\":\"fr-FR\",\"@id\":\"https:\\\/\\\/shop.les4saisonsduvexin.com\\\/index.php\\\/produit\\\/pamplemousses-2\\\/#primaryimage\",\"url\":\"https:\\\/\\\/shop.les4saisonsduvexin.com\\\/wp-content\\\/uploads\\\/2021\\\/03\\\/pamplemousse.jpg\",\"contentUrl\":\"https:\\\/\\\/shop.les4saisonsduvexin.com\\\/wp-content\\\/uploads\\\/2021\\\/03\\\/pamplemousse.jpg\",\"width\":350,\"height\":350},{\"@type\":\"BreadcrumbList\",\"@id\":\"https:\\\/\\\/shop.les4saisonsduvexin.com\\\/index.php\\\/produit\\\/pamplemousses-2\\\/#breadcrumb\",\"itemListElement\":[{\"@type\":\"ListItem\",\"position\":1,\"name\":\"Accueil\",\"item\":\"https:\\\/\\\/shop.les4saisonsduvexin.com\\\/\"},{\"@type\":\"ListItem\",\"position\":2,\"name\":\"Boutique\",\"item\":\"https:\\\/\\\/shop.les4saisonsduvexin.com\\\/\"},{\"@type\":\"ListItem\",\"position\":3,\"name\":\"Pamplemousses roses\"}]},{\"@type\":\"WebSite\",\"@id\":\"https:\\\/\\\/shop.les4saisonsduvexin.com\\\/#website\",\"url\":\"https:\\\/\\\/shop.les4saisonsduvexin.com\\\/\",\"name\":\"Boutique Les 4 Saisons du Vexin\",\"description\":\"\",\"publisher\":{\"@id\":\"https:\\\/\\\/shop.les4saisonsduvexin.com\\\/#organization\"},\"potentialAction\":[{\"@type\":\"SearchAction\",\"target\":{\"@type\":\"EntryPoint\",\"urlTemplate\":\"https:\\\/\\\/shop.les4saisonsduvexin.com\\\/?s={search_term_string}\"},\"query-input\":{\"@type\":\"PropertyValueSpecification\",\"valueRequired\":true,\"valueName\":\"search_term_string\"}}],\"inLanguage\":\"fr-FR\"},{\"@type\":\"Organization\",\"@id\":\"https:\\\/\\\/shop.les4saisonsduvexin.com\\\/#organization\",\"name\":\"Boutique Les 4 Saisons du Vexin\",\"url\":\"https:\\\/\\\/shop.les4saisonsduvexin.com\\\/\",\"logo\":{\"@type\":\"ImageObject\",\"inLanguage\":\"fr-FR\",\"@id\":\"https:\\\/\\\/shop.les4saisonsduvexin.com\\\/#\\\/schema\\\/logo\\\/image\\\/\",\"url\":\"https:\\\/\\\/shop.les4saisonsduvexin.com\\\/wp-content\\\/uploads\\\/Logo-4-saisons-du-vexin.png\",\"contentUrl\":\"https:\\\/\\\/shop.les4saisonsduvexin.com\\\/wp-content\\\/uploads\\\/Logo-4-saisons-du-vexin.png\",\"width\":200,\"height\":97,\"caption\":\"Boutique Les 4 Saisons du Vexin\"},\"image\":{\"@id\":\"https:\\\/\\\/shop.les4saisonsduvexin.com\\\/#\\\/schema\\\/logo\\\/image\\\/\"}}]}<\/script>\n<!-- \/ Yoast SEO plugin. -->","yoast_head_json":{"title":"Pamplemousses roses - Boutique Les 4 Saisons du Vexin","robots":{"index":"index","follow":"follow","max-snippet":"max-snippet:-1","max-image-preview":"max-image-preview:large","max-video-preview":"max-video-preview:-1"},"canonical":"https:\/\/shop.les4saisonsduvexin.com\/index.php\/produit\/pamplemousses-2\/","og_locale":"fr_FR","og_type":"article","og_title":"Pamplemousses roses - Boutique Les 4 Saisons du Vexin","og_description":"Origine : Espagne  Prix \u00e0 la pi\u00e8ce","og_url":"https:\/\/shop.les4saisonsduvexin.com\/index.php\/produit\/pamplemousses-2\/","og_site_name":"Boutique Les 4 Saisons du Vexin","article_modified_time":"2026-01-01T08:04:37+00:00","og_image":[{"width":350,"height":350,"url":"https:\/\/shop.les4saisonsduvexin.com\/wp-content\/uploads\/2021\/03\/pamplemousse.jpg","type":"image\/jpeg"}],"twitter_card":"summary_large_image","twitter_misc":{"Dur\u00e9e de lecture estim\u00e9e":"2 minutes"},"schema":{"@context":"https:\/\/schema.org","@graph":[{"@type":"WebPage","@id":"https:\/\/shop.les4saisonsduvexin.com\/index.php\/produit\/pamplemousses-2\/","url":"https:\/\/shop.les4saisonsduvexin.com\/index.php\/produit\/pamplemousses-2\/","name":"Pamplemousses roses - Boutique Les 4 Saisons du Vexin","isPartOf":{"@id":"https:\/\/shop.les4saisonsduvexin.com\/#website"},"primaryImageOfPage":{"@id":"https:\/\/shop.les4saisonsduvexin.com\/index.php\/produit\/pamplemousses-2\/#primaryimage"},"image":{"@id":"https:\/\/shop.les4saisonsduvexin.com\/index.php\/produit\/pamplemousses-2\/#primaryimage"},"thumbnailUrl":"https:\/\/shop.les4saisonsduvexin.com\/wp-content\/uploads\/2021\/03\/pamplemousse.jpg","datePublished":"2021-03-21T11:36:46+00:00","dateModified":"2026-01-01T08:04:37+00:00","breadcrumb":{"@id":"https:\/\/shop.les4saisonsduvexin.com\/index.php\/produit\/pamplemousses-2\/#breadcrumb"},"inLanguage":"fr-FR","potentialAction":[{"@type":"ReadAction","target":["https:\/\/shop.les4saisonsduvexin.com\/index.php\/produit\/pamplemousses-2\/"]}]},{"@type":"ImageObject","inLanguage":"fr-FR","@id":"https:\/\/shop.les4saisonsduvexin.com\/index.php\/produit\/pamplemousses-2\/#primaryimage","url":"https:\/\/shop.les4saisonsduvexin.com\/wp-content\/uploads\/2021\/03\/pamplemousse.jpg","contentUrl":"https:\/\/shop.les4saisonsduvexin.com\/wp-content\/uploads\/2021\/03\/pamplemousse.jpg","width":350,"height":350},{"@type":"BreadcrumbList","@id":"https:\/\/shop.les4saisonsduvexin.com\/index.php\/produit\/pamplemousses-2\/#breadcrumb","itemListElement":[{"@type":"ListItem","position":1,"name":"Accueil","item":"https:\/\/shop.les4saisonsduvexin.com\/"},{"@type":"ListItem","position":2,"name":"Boutique","item":"https:\/\/shop.les4saisonsduvexin.com\/"},{"@type":"ListItem","position":3,"name":"Pamplemousses roses"}]},{"@type":"WebSite","@id":"https:\/\/shop.les4saisonsduvexin.com\/#website","url":"https:\/\/shop.les4saisonsduvexin.com\/","name":"Boutique Les 4 Saisons du Vexin","description":"","publisher":{"@id":"https:\/\/shop.les4saisonsduvexin.com\/#organization"},"potentialAction":[{"@type":"SearchAction","target":{"@type":"EntryPoint","urlTemplate":"https:\/\/shop.les4saisonsduvexin.com\/?s={search_term_string}"},"query-input":{"@type":"PropertyValueSpecification","valueRequired":true,"valueName":"search_term_string"}}],"inLanguage":"fr-FR"},{"@type":"Organization","@id":"https:\/\/shop.les4saisonsduvexin.com\/#organization","name":"Boutique Les 4 Saisons du Vexin","url":"https:\/\/shop.les4saisonsduvexin.com\/","logo":{"@type":"ImageObject","inLanguage":"fr-FR","@id":"https:\/\/shop.les4saisonsduvexin.com\/#\/schema\/logo\/image\/","url":"https:\/\/shop.les4saisonsduvexin.com\/wp-content\/uploads\/Logo-4-saisons-du-vexin.png","contentUrl":"https:\/\/shop.les4saisonsduvexin.com\/wp-content\/uploads\/Logo-4-saisons-du-vexin.png","width":200,"height":97,"caption":"Boutique Les 4 Saisons du Vexin"},"image":{"@id":"https:\/\/shop.les4saisonsduvexin.com\/#\/schema\/logo\/image\/"}}]}},"jetpack_sharing_enabled":true,"tiered_pricing_type":"fixed","tiered_pricing_fixed_rules":{"3":1.66},"tiered_pricing_product_settings":{"layout":"default","base_unit_name":{"singular":null,"plural":null},"default_variation":null},"tiered_pricing_minimum_quantity":null,"tiered_pricing_roles_data":[],"tiered_pricing_percentage_rules":[],"_links":{"self":[{"href":"https:\/\/shop.les4saisonsduvexin.com\/index.php\/wp-json\/wp\/v2\/product\/3906","targetHints":{"allow":["GET"]}}],"collection":[{"href":"https:\/\/shop.les4saisonsduvexin.com\/index.php\/wp-json\/wp\/v2\/product"}],"about":[{"href":"https:\/\/shop.les4saisonsduvexin.com\/index.php\/wp-json\/wp\/v2\/types\/product"}],"wp:featuredmedia":[{"embeddable":true,"href":"https:\/\/shop.les4saisonsduvexin.com\/index.php\/wp-json\/wp\/v2\/media\/3423"}],"wp:attachment":[{"href":"https:\/\/shop.les4saisonsduvexin.com\/index.php\/wp-json\/wp\/v2\/media?parent=3906"}],"wp:term":[{"taxonomy":"product_brand","embeddable":true,"href":"https:\/\/shop.les4saisonsduvexin.com\/index.php\/wp-json\/wp\/v2\/product_brand?post=3906"},{"taxonomy":"product_cat","embeddable":true,"href":"https:\/\/shop.les4saisonsduvexin.com\/index.php\/wp-json\/wp\/v2\/product_cat?post=3906"},{"taxonomy":"product_tag","embeddable":true,"href":"https:\/\/shop.les4saisonsduvexin.com\/index.php\/wp-json\/wp\/v2\/product_tag?post=3906"}],"curies":[{"name":"wp","href":"https:\/\/api.w.org\/{rel}","templated":true}]}}