{"id":3970,"date":"2021-03-22T07:46:19","date_gmt":"2021-03-22T07:46:19","guid":{"rendered":"https:\/\/shop.les4saisonsduvexin.com\/?post_type=product&#038;p=3970"},"modified":"2026-04-02T17:06:04","modified_gmt":"2026-04-02T17:06:04","slug":"clementines-jaffa","status":"publish","type":"product","link":"https:\/\/shop.les4saisonsduvexin.com\/index.php\/produit\/clementines-jaffa\/","title":{"rendered":"Mandarines ORRI JAFFA"},"content":{"rendered":"<p><strong>La cl\u00e9mentine Jaffa<\/strong> est un agrume \u00e0 la chair sucr\u00e9e et acidul\u00e9e. Sa richesse en vitamines C en fait un alli\u00e9 pour la sant\u00e9.<\/p>\n<p>Elle est produite en <strong>Israel, <\/strong>et est de la vari\u00e9t\u00e9 Orri.<\/p>\n<p>L\u2019Orri a une saison extr\u00eamement longue, avec une dur\u00e9e de conservation particuli\u00e8rement prolong\u00e9e. Le fruit m\u00fbrit durant une p\u00e9riode o\u00f9 la majorit\u00e9 des petits agrumes sont en quantit\u00e9 limit\u00e9 sur le march\u00e9. On peut la trouver de janvier \u00e0 mai sur nos \u00e9tals.<\/p>\n","protected":false},"excerpt":{"rendered":"<p>Origine Israel<\/p>\n<p>Prix au kilo<\/p>\n<p>CAT 1<\/p>\n","protected":false},"featured_media":3315,"template":"","meta":[],"product_brand":[],"product_cat":[21,22,23],"product_tag":[],"class_list":{"0":"post-3970","1":"product","2":"type-product","3":"status-publish","4":"has-post-thumbnail","6":"product_cat-fruits","7":"product_cat-fruits-de-saison","8":"product_cat-promotions","10":"first","11":"instock","12":"shipping-taxable","13":"purchasable","14":"product-type-simple"},"yoast_head":"<!-- This site is optimized with the Yoast SEO plugin v27.5 - https:\/\/yoast.com\/product\/yoast-seo-wordpress\/ -->\n<title>Mandarines ORRI JAFFA - Boutique Les 4 Saisons du Vexin<\/title>\n<meta name=\"robots\" content=\"index, follow, max-snippet:-1, max-image-preview:large, max-video-preview:-1\" \/>\n<link rel=\"canonical\" href=\"https:\/\/shop.les4saisonsduvexin.com\/index.php\/produit\/clementines-jaffa\/\" \/>\n<meta property=\"og:locale\" content=\"fr_FR\" \/>\n<meta property=\"og:type\" content=\"article\" \/>\n<meta property=\"og:title\" content=\"Mandarines ORRI JAFFA - Boutique Les 4 Saisons du Vexin\" \/>\n<meta property=\"og:description\" content=\"Origine Israel  Prix au kilo  CAT 1\" \/>\n<meta property=\"og:url\" content=\"https:\/\/shop.les4saisonsduvexin.com\/index.php\/produit\/clementines-jaffa\/\" \/>\n<meta property=\"og:site_name\" content=\"Boutique Les 4 Saisons du Vexin\" \/>\n<meta property=\"article:modified_time\" content=\"2026-04-02T17:06:04+00:00\" \/>\n<meta property=\"og:image\" content=\"https:\/\/shop.les4saisonsduvexin.com\/wp-content\/uploads\/2021\/03\/f8f64770ea8256085bbf0ee2e46f.jpeg\" \/>\n\t<meta property=\"og:image:width\" content=\"640\" \/>\n\t<meta property=\"og:image:height\" content=\"640\" \/>\n\t<meta property=\"og:image:type\" content=\"image\/jpeg\" \/>\n<meta name=\"twitter:card\" content=\"summary_large_image\" \/>\n<meta name=\"twitter:label1\" content=\"Dur\u00e9e de lecture estim\u00e9e\" \/>\n\t<meta name=\"twitter:data1\" content=\"1 minute\" \/>\n<script type=\"application\/ld+json\" class=\"yoast-schema-graph\">{\"@context\":\"https:\\\/\\\/schema.org\",\"@graph\":[{\"@type\":\"WebPage\",\"@id\":\"https:\\\/\\\/shop.les4saisonsduvexin.com\\\/index.php\\\/produit\\\/clementines-jaffa\\\/\",\"url\":\"https:\\\/\\\/shop.les4saisonsduvexin.com\\\/index.php\\\/produit\\\/clementines-jaffa\\\/\",\"name\":\"Mandarines ORRI JAFFA - Boutique Les 4 Saisons du Vexin\",\"isPartOf\":{\"@id\":\"https:\\\/\\\/shop.les4saisonsduvexin.com\\\/#website\"},\"primaryImageOfPage\":{\"@id\":\"https:\\\/\\\/shop.les4saisonsduvexin.com\\\/index.php\\\/produit\\\/clementines-jaffa\\\/#primaryimage\"},\"image\":{\"@id\":\"https:\\\/\\\/shop.les4saisonsduvexin.com\\\/index.php\\\/produit\\\/clementines-jaffa\\\/#primaryimage\"},\"thumbnailUrl\":\"https:\\\/\\\/shop.les4saisonsduvexin.com\\\/wp-content\\\/uploads\\\/2021\\\/03\\\/f8f64770ea8256085bbf0ee2e46f.jpeg\",\"datePublished\":\"2021-03-22T07:46:19+00:00\",\"dateModified\":\"2026-04-02T17:06:04+00:00\",\"breadcrumb\":{\"@id\":\"https:\\\/\\\/shop.les4saisonsduvexin.com\\\/index.php\\\/produit\\\/clementines-jaffa\\\/#breadcrumb\"},\"inLanguage\":\"fr-FR\",\"potentialAction\":[{\"@type\":\"ReadAction\",\"target\":[\"https:\\\/\\\/shop.les4saisonsduvexin.com\\\/index.php\\\/produit\\\/clementines-jaffa\\\/\"]}]},{\"@type\":\"ImageObject\",\"inLanguage\":\"fr-FR\",\"@id\":\"https:\\\/\\\/shop.les4saisonsduvexin.com\\\/index.php\\\/produit\\\/clementines-jaffa\\\/#primaryimage\",\"url\":\"https:\\\/\\\/shop.les4saisonsduvexin.com\\\/wp-content\\\/uploads\\\/2021\\\/03\\\/f8f64770ea8256085bbf0ee2e46f.jpeg\",\"contentUrl\":\"https:\\\/\\\/shop.les4saisonsduvexin.com\\\/wp-content\\\/uploads\\\/2021\\\/03\\\/f8f64770ea8256085bbf0ee2e46f.jpeg\",\"width\":640,\"height\":640},{\"@type\":\"BreadcrumbList\",\"@id\":\"https:\\\/\\\/shop.les4saisonsduvexin.com\\\/index.php\\\/produit\\\/clementines-jaffa\\\/#breadcrumb\",\"itemListElement\":[{\"@type\":\"ListItem\",\"position\":1,\"name\":\"Accueil\",\"item\":\"https:\\\/\\\/shop.les4saisonsduvexin.com\\\/\"},{\"@type\":\"ListItem\",\"position\":2,\"name\":\"Boutique\",\"item\":\"https:\\\/\\\/shop.les4saisonsduvexin.com\\\/\"},{\"@type\":\"ListItem\",\"position\":3,\"name\":\"Mandarines ORRI JAFFA\"}]},{\"@type\":\"WebSite\",\"@id\":\"https:\\\/\\\/shop.les4saisonsduvexin.com\\\/#website\",\"url\":\"https:\\\/\\\/shop.les4saisonsduvexin.com\\\/\",\"name\":\"Boutique Les 4 Saisons du Vexin\",\"description\":\"\",\"publisher\":{\"@id\":\"https:\\\/\\\/shop.les4saisonsduvexin.com\\\/#organization\"},\"potentialAction\":[{\"@type\":\"SearchAction\",\"target\":{\"@type\":\"EntryPoint\",\"urlTemplate\":\"https:\\\/\\\/shop.les4saisonsduvexin.com\\\/?s={search_term_string}\"},\"query-input\":{\"@type\":\"PropertyValueSpecification\",\"valueRequired\":true,\"valueName\":\"search_term_string\"}}],\"inLanguage\":\"fr-FR\"},{\"@type\":\"Organization\",\"@id\":\"https:\\\/\\\/shop.les4saisonsduvexin.com\\\/#organization\",\"name\":\"Boutique Les 4 Saisons du Vexin\",\"url\":\"https:\\\/\\\/shop.les4saisonsduvexin.com\\\/\",\"logo\":{\"@type\":\"ImageObject\",\"inLanguage\":\"fr-FR\",\"@id\":\"https:\\\/\\\/shop.les4saisonsduvexin.com\\\/#\\\/schema\\\/logo\\\/image\\\/\",\"url\":\"https:\\\/\\\/shop.les4saisonsduvexin.com\\\/wp-content\\\/uploads\\\/Logo-4-saisons-du-vexin.png\",\"contentUrl\":\"https:\\\/\\\/shop.les4saisonsduvexin.com\\\/wp-content\\\/uploads\\\/Logo-4-saisons-du-vexin.png\",\"width\":200,\"height\":97,\"caption\":\"Boutique Les 4 Saisons du Vexin\"},\"image\":{\"@id\":\"https:\\\/\\\/shop.les4saisonsduvexin.com\\\/#\\\/schema\\\/logo\\\/image\\\/\"}}]}<\/script>\n<!-- \/ Yoast SEO plugin. -->","yoast_head_json":{"title":"Mandarines ORRI JAFFA - Boutique Les 4 Saisons du Vexin","robots":{"index":"index","follow":"follow","max-snippet":"max-snippet:-1","max-image-preview":"max-image-preview:large","max-video-preview":"max-video-preview:-1"},"canonical":"https:\/\/shop.les4saisonsduvexin.com\/index.php\/produit\/clementines-jaffa\/","og_locale":"fr_FR","og_type":"article","og_title":"Mandarines ORRI JAFFA - Boutique Les 4 Saisons du Vexin","og_description":"Origine Israel  Prix au kilo  CAT 1","og_url":"https:\/\/shop.les4saisonsduvexin.com\/index.php\/produit\/clementines-jaffa\/","og_site_name":"Boutique Les 4 Saisons du Vexin","article_modified_time":"2026-04-02T17:06:04+00:00","og_image":[{"width":640,"height":640,"url":"https:\/\/shop.les4saisonsduvexin.com\/wp-content\/uploads\/2021\/03\/f8f64770ea8256085bbf0ee2e46f.jpeg","type":"image\/jpeg"}],"twitter_card":"summary_large_image","twitter_misc":{"Dur\u00e9e de lecture estim\u00e9e":"1 minute"},"schema":{"@context":"https:\/\/schema.org","@graph":[{"@type":"WebPage","@id":"https:\/\/shop.les4saisonsduvexin.com\/index.php\/produit\/clementines-jaffa\/","url":"https:\/\/shop.les4saisonsduvexin.com\/index.php\/produit\/clementines-jaffa\/","name":"Mandarines ORRI JAFFA - Boutique Les 4 Saisons du Vexin","isPartOf":{"@id":"https:\/\/shop.les4saisonsduvexin.com\/#website"},"primaryImageOfPage":{"@id":"https:\/\/shop.les4saisonsduvexin.com\/index.php\/produit\/clementines-jaffa\/#primaryimage"},"image":{"@id":"https:\/\/shop.les4saisonsduvexin.com\/index.php\/produit\/clementines-jaffa\/#primaryimage"},"thumbnailUrl":"https:\/\/shop.les4saisonsduvexin.com\/wp-content\/uploads\/2021\/03\/f8f64770ea8256085bbf0ee2e46f.jpeg","datePublished":"2021-03-22T07:46:19+00:00","dateModified":"2026-04-02T17:06:04+00:00","breadcrumb":{"@id":"https:\/\/shop.les4saisonsduvexin.com\/index.php\/produit\/clementines-jaffa\/#breadcrumb"},"inLanguage":"fr-FR","potentialAction":[{"@type":"ReadAction","target":["https:\/\/shop.les4saisonsduvexin.com\/index.php\/produit\/clementines-jaffa\/"]}]},{"@type":"ImageObject","inLanguage":"fr-FR","@id":"https:\/\/shop.les4saisonsduvexin.com\/index.php\/produit\/clementines-jaffa\/#primaryimage","url":"https:\/\/shop.les4saisonsduvexin.com\/wp-content\/uploads\/2021\/03\/f8f64770ea8256085bbf0ee2e46f.jpeg","contentUrl":"https:\/\/shop.les4saisonsduvexin.com\/wp-content\/uploads\/2021\/03\/f8f64770ea8256085bbf0ee2e46f.jpeg","width":640,"height":640},{"@type":"BreadcrumbList","@id":"https:\/\/shop.les4saisonsduvexin.com\/index.php\/produit\/clementines-jaffa\/#breadcrumb","itemListElement":[{"@type":"ListItem","position":1,"name":"Accueil","item":"https:\/\/shop.les4saisonsduvexin.com\/"},{"@type":"ListItem","position":2,"name":"Boutique","item":"https:\/\/shop.les4saisonsduvexin.com\/"},{"@type":"ListItem","position":3,"name":"Mandarines ORRI JAFFA"}]},{"@type":"WebSite","@id":"https:\/\/shop.les4saisonsduvexin.com\/#website","url":"https:\/\/shop.les4saisonsduvexin.com\/","name":"Boutique Les 4 Saisons du Vexin","description":"","publisher":{"@id":"https:\/\/shop.les4saisonsduvexin.com\/#organization"},"potentialAction":[{"@type":"SearchAction","target":{"@type":"EntryPoint","urlTemplate":"https:\/\/shop.les4saisonsduvexin.com\/?s={search_term_string}"},"query-input":{"@type":"PropertyValueSpecification","valueRequired":true,"valueName":"search_term_string"}}],"inLanguage":"fr-FR"},{"@type":"Organization","@id":"https:\/\/shop.les4saisonsduvexin.com\/#organization","name":"Boutique Les 4 Saisons du Vexin","url":"https:\/\/shop.les4saisonsduvexin.com\/","logo":{"@type":"ImageObject","inLanguage":"fr-FR","@id":"https:\/\/shop.les4saisonsduvexin.com\/#\/schema\/logo\/image\/","url":"https:\/\/shop.les4saisonsduvexin.com\/wp-content\/uploads\/Logo-4-saisons-du-vexin.png","contentUrl":"https:\/\/shop.les4saisonsduvexin.com\/wp-content\/uploads\/Logo-4-saisons-du-vexin.png","width":200,"height":97,"caption":"Boutique Les 4 Saisons du Vexin"},"image":{"@id":"https:\/\/shop.les4saisonsduvexin.com\/#\/schema\/logo\/image\/"}}]}},"jetpack_sharing_enabled":true,"tiered_pricing_type":"fixed","tiered_pricing_fixed_rules":{"2":4.5},"tiered_pricing_product_settings":{"layout":"default","base_unit_name":{"singular":null,"plural":null},"default_variation":null},"tiered_pricing_minimum_quantity":null,"tiered_pricing_roles_data":[],"tiered_pricing_percentage_rules":[],"_links":{"self":[{"href":"https:\/\/shop.les4saisonsduvexin.com\/index.php\/wp-json\/wp\/v2\/product\/3970","targetHints":{"allow":["GET"]}}],"collection":[{"href":"https:\/\/shop.les4saisonsduvexin.com\/index.php\/wp-json\/wp\/v2\/product"}],"about":[{"href":"https:\/\/shop.les4saisonsduvexin.com\/index.php\/wp-json\/wp\/v2\/types\/product"}],"wp:featuredmedia":[{"embeddable":true,"href":"https:\/\/shop.les4saisonsduvexin.com\/index.php\/wp-json\/wp\/v2\/media\/3315"}],"wp:attachment":[{"href":"https:\/\/shop.les4saisonsduvexin.com\/index.php\/wp-json\/wp\/v2\/media?parent=3970"}],"wp:term":[{"taxonomy":"product_brand","embeddable":true,"href":"https:\/\/shop.les4saisonsduvexin.com\/index.php\/wp-json\/wp\/v2\/product_brand?post=3970"},{"taxonomy":"product_cat","embeddable":true,"href":"https:\/\/shop.les4saisonsduvexin.com\/index.php\/wp-json\/wp\/v2\/product_cat?post=3970"},{"taxonomy":"product_tag","embeddable":true,"href":"https:\/\/shop.les4saisonsduvexin.com\/index.php\/wp-json\/wp\/v2\/product_tag?post=3970"}],"curies":[{"name":"wp","href":"https:\/\/api.w.org\/{rel}","templated":true}]}}