{"id":4006,"date":"2021-04-28T18:08:40","date_gmt":"2021-04-28T18:08:40","guid":{"rendered":"https:\/\/shop.les4saisonsduvexin.com\/?post_type=product&#038;p=4006"},"modified":"2026-05-07T21:05:04","modified_gmt":"2026-05-07T21:05:04","slug":"nectarines-blanches-2","status":"publish","type":"product","link":"https:\/\/shop.les4saisonsduvexin.com\/index.php\/produit\/nectarines-blanches-2\/","title":{"rendered":"Nectarines blanches"},"content":{"rendered":"<div class=\"texteToggleSize\">\n<p>La p\u00eache-nectarine est le\u00a0<strong>7<sup>e<\/sup>\u00a0fruit\u00a0<\/strong>le plus consomm\u00e9 en France. Originaire d\u2019Asie, elle est pr\u00e9sente sur nos \u00e9tals depuis\u00a0<strong>le XVe si\u00e8cle<\/strong>. Sucr\u00e9e et\u00a0<strong>tr\u00e8s d\u00e9salt\u00e9rante<\/strong>, elle fait le r\u00e9gal des gourmands \u00e0 la belle saison. Elle se consomme\u00a0<strong>nature<\/strong>\u00a0mais se marie \u00e9galement \u00e0 de savoureux\u00a0<strong>plats<\/strong>\u00a0et\u00a0<strong>desserts<\/strong>.<\/p>\n<\/div>\n<div class=\"texteToggleSize\">\n<ul>\n<li>Une p\u00eache p\u00e8se\u00a0<strong>150 grammes en moyenne<\/strong>. Sa peau lisse ou duvet\u00e9e prend diff\u00e9rentes couleurs d\u00e9clinant les nuances du blanc au jaune, en passant par l\u2019orange ou le rose. Sa chair parfum\u00e9e est jaune, blanche, ou m\u00eame rouge.<\/li>\n<\/ul>\n<ul>\n<li>D\u2019un\u00a0<strong>apport calorique moyen<\/strong>, la p\u00eache renferme de nombreuses\u00a0<strong>vitamines<\/strong>\u00a0et des\u00a0<strong>antioxydants<\/strong>.<\/li>\n<\/ul>\n<ul>\n<li>Elle s\u2019associe avec bonheur \u00e0 des mets sal\u00e9s ou sucr\u00e9s, ou se mange nature. Juteuse et rafra\u00eechissante, la p\u00eache est un\u00a0<strong>fruit estival<\/strong>\u00a0par excellence\u00a0!<\/li>\n<\/ul>\n<p><strong><span class=\"texte-vert\">Les nectarines et les brugnons<\/span><\/strong><\/p>\n<p>Ces deux vari\u00e9t\u00e9s de p\u00eache couvrent 40% de la production des p\u00eachers fran\u00e7ais.<\/p>\n<p>Ces fruits se distinguent par leur\u00a0<strong>peau lisse<\/strong>\u00a0et\u00a0<strong>brillante<\/strong>. C\u2019est au\u00a0<strong>noyau que vous pouvez les diff\u00e9rencier<\/strong>\u00a0: celui du\u00a0<strong>brugnon adh\u00e8re \u00e0 la pulpe<\/strong>\u00a0tandis que\u00a0<strong>celui de la nectarine se d\u00e9tache facilement<\/strong>\u00a0de la chair.<\/p>\n<p>Contrairement \u00e0 une id\u00e9e re\u00e7ue, ils ne sont pas issus d\u2019un croisement entre la p\u00eache et la prune.<\/p>\n<p>Pour les\u00a0<strong>vari\u00e9t\u00e9s \u00e0 chair blanche<\/strong>, citons Garcica cov, Snow Ball cov, Brareg cov, Zephir\u00ae Monphir ou bien Jade\u00ae Mom\u00e9e cov.<\/p>\n<p>En ce qui concerne celles\u00a0<strong>\u00e0 chair jaune<\/strong>, on y trouve Diamond Bright cov, Honey Royale cov, Nestaross cov, Honey Glo cov, Savana Red cov, Western Red cov, Septembre Bright cov, Big Top\u00ae Zaitaibo ou Nectapom\u00ae.<\/p>\n<p><em>Robe<\/em>\u00a0: De couleur jaune orang\u00e9, elle rev\u00eat aussi des\u00a0<strong>tons de rouge et de rose<\/strong>.<\/p>\n<p><em>En bouche\u00a0<\/em>: Ferme et savoureuse, leur chair jaune, ou blanche est sucr\u00e9e.<\/p>\n<\/div>\n","protected":false},"excerpt":{"rendered":"<p>Origine : Espagne<\/p>\n<p>Prix \u00e0 la pi\u00e8ce<\/p>\n<p>Prix indicatif au kilo 8,90e<\/p>\n","protected":false},"featured_media":3435,"template":"","meta":[],"product_brand":[],"product_cat":[21,22,20],"product_tag":[],"class_list":{"0":"post-4006","1":"product","2":"type-product","3":"status-publish","4":"has-post-thumbnail","6":"product_cat-fruits","7":"product_cat-fruits-de-saison","8":"product_cat-nouveautes","10":"first","11":"instock","12":"shipping-taxable","13":"purchasable","14":"product-type-simple"},"yoast_head":"<!-- This site is optimized with the Yoast SEO plugin v27.5 - https:\/\/yoast.com\/product\/yoast-seo-wordpress\/ -->\n<title>Nectarines blanches - Boutique Les 4 Saisons du Vexin<\/title>\n<meta name=\"robots\" content=\"index, follow, max-snippet:-1, max-image-preview:large, max-video-preview:-1\" \/>\n<link rel=\"canonical\" href=\"https:\/\/shop.les4saisonsduvexin.com\/index.php\/produit\/nectarines-blanches-2\/\" \/>\n<meta property=\"og:locale\" content=\"fr_FR\" \/>\n<meta property=\"og:type\" content=\"article\" \/>\n<meta property=\"og:title\" content=\"Nectarines blanches - Boutique Les 4 Saisons du Vexin\" \/>\n<meta property=\"og:description\" content=\"Origine : Espagne  Prix \u00e0 la pi\u00e8ce  Prix indicatif au kilo 8,90e\" \/>\n<meta property=\"og:url\" content=\"https:\/\/shop.les4saisonsduvexin.com\/index.php\/produit\/nectarines-blanches-2\/\" \/>\n<meta property=\"og:site_name\" content=\"Boutique Les 4 Saisons du Vexin\" \/>\n<meta property=\"article:modified_time\" content=\"2026-05-07T21:05:04+00:00\" \/>\n<meta property=\"og:image\" content=\"https:\/\/shop.les4saisonsduvexin.com\/wp-content\/uploads\/2021\/03\/peches-blanches.jpg\" \/>\n\t<meta property=\"og:image:width\" content=\"350\" \/>\n\t<meta property=\"og:image:height\" content=\"350\" \/>\n\t<meta property=\"og:image:type\" content=\"image\/jpeg\" \/>\n<meta name=\"twitter:card\" content=\"summary_large_image\" \/>\n<meta name=\"twitter:label1\" content=\"Dur\u00e9e de lecture estim\u00e9e\" \/>\n\t<meta name=\"twitter:data1\" content=\"2 minutes\" \/>\n<script type=\"application\/ld+json\" class=\"yoast-schema-graph\">{\"@context\":\"https:\\\/\\\/schema.org\",\"@graph\":[{\"@type\":\"WebPage\",\"@id\":\"https:\\\/\\\/shop.les4saisonsduvexin.com\\\/index.php\\\/produit\\\/nectarines-blanches-2\\\/\",\"url\":\"https:\\\/\\\/shop.les4saisonsduvexin.com\\\/index.php\\\/produit\\\/nectarines-blanches-2\\\/\",\"name\":\"Nectarines blanches - Boutique Les 4 Saisons du Vexin\",\"isPartOf\":{\"@id\":\"https:\\\/\\\/shop.les4saisonsduvexin.com\\\/#website\"},\"primaryImageOfPage\":{\"@id\":\"https:\\\/\\\/shop.les4saisonsduvexin.com\\\/index.php\\\/produit\\\/nectarines-blanches-2\\\/#primaryimage\"},\"image\":{\"@id\":\"https:\\\/\\\/shop.les4saisonsduvexin.com\\\/index.php\\\/produit\\\/nectarines-blanches-2\\\/#primaryimage\"},\"thumbnailUrl\":\"https:\\\/\\\/shop.les4saisonsduvexin.com\\\/wp-content\\\/uploads\\\/2021\\\/03\\\/peches-blanches.jpg\",\"datePublished\":\"2021-04-28T18:08:40+00:00\",\"dateModified\":\"2026-05-07T21:05:04+00:00\",\"breadcrumb\":{\"@id\":\"https:\\\/\\\/shop.les4saisonsduvexin.com\\\/index.php\\\/produit\\\/nectarines-blanches-2\\\/#breadcrumb\"},\"inLanguage\":\"fr-FR\",\"potentialAction\":[{\"@type\":\"ReadAction\",\"target\":[\"https:\\\/\\\/shop.les4saisonsduvexin.com\\\/index.php\\\/produit\\\/nectarines-blanches-2\\\/\"]}]},{\"@type\":\"ImageObject\",\"inLanguage\":\"fr-FR\",\"@id\":\"https:\\\/\\\/shop.les4saisonsduvexin.com\\\/index.php\\\/produit\\\/nectarines-blanches-2\\\/#primaryimage\",\"url\":\"https:\\\/\\\/shop.les4saisonsduvexin.com\\\/wp-content\\\/uploads\\\/2021\\\/03\\\/peches-blanches.jpg\",\"contentUrl\":\"https:\\\/\\\/shop.les4saisonsduvexin.com\\\/wp-content\\\/uploads\\\/2021\\\/03\\\/peches-blanches.jpg\",\"width\":350,\"height\":350},{\"@type\":\"BreadcrumbList\",\"@id\":\"https:\\\/\\\/shop.les4saisonsduvexin.com\\\/index.php\\\/produit\\\/nectarines-blanches-2\\\/#breadcrumb\",\"itemListElement\":[{\"@type\":\"ListItem\",\"position\":1,\"name\":\"Accueil\",\"item\":\"https:\\\/\\\/shop.les4saisonsduvexin.com\\\/\"},{\"@type\":\"ListItem\",\"position\":2,\"name\":\"Boutique\",\"item\":\"https:\\\/\\\/shop.les4saisonsduvexin.com\\\/\"},{\"@type\":\"ListItem\",\"position\":3,\"name\":\"Nectarines blanches\"}]},{\"@type\":\"WebSite\",\"@id\":\"https:\\\/\\\/shop.les4saisonsduvexin.com\\\/#website\",\"url\":\"https:\\\/\\\/shop.les4saisonsduvexin.com\\\/\",\"name\":\"Boutique Les 4 Saisons du Vexin\",\"description\":\"\",\"publisher\":{\"@id\":\"https:\\\/\\\/shop.les4saisonsduvexin.com\\\/#organization\"},\"potentialAction\":[{\"@type\":\"SearchAction\",\"target\":{\"@type\":\"EntryPoint\",\"urlTemplate\":\"https:\\\/\\\/shop.les4saisonsduvexin.com\\\/?s={search_term_string}\"},\"query-input\":{\"@type\":\"PropertyValueSpecification\",\"valueRequired\":true,\"valueName\":\"search_term_string\"}}],\"inLanguage\":\"fr-FR\"},{\"@type\":\"Organization\",\"@id\":\"https:\\\/\\\/shop.les4saisonsduvexin.com\\\/#organization\",\"name\":\"Boutique Les 4 Saisons du Vexin\",\"url\":\"https:\\\/\\\/shop.les4saisonsduvexin.com\\\/\",\"logo\":{\"@type\":\"ImageObject\",\"inLanguage\":\"fr-FR\",\"@id\":\"https:\\\/\\\/shop.les4saisonsduvexin.com\\\/#\\\/schema\\\/logo\\\/image\\\/\",\"url\":\"https:\\\/\\\/shop.les4saisonsduvexin.com\\\/wp-content\\\/uploads\\\/Logo-4-saisons-du-vexin.png\",\"contentUrl\":\"https:\\\/\\\/shop.les4saisonsduvexin.com\\\/wp-content\\\/uploads\\\/Logo-4-saisons-du-vexin.png\",\"width\":200,\"height\":97,\"caption\":\"Boutique Les 4 Saisons du Vexin\"},\"image\":{\"@id\":\"https:\\\/\\\/shop.les4saisonsduvexin.com\\\/#\\\/schema\\\/logo\\\/image\\\/\"}}]}<\/script>\n<!-- \/ Yoast SEO plugin. -->","yoast_head_json":{"title":"Nectarines blanches - Boutique Les 4 Saisons du Vexin","robots":{"index":"index","follow":"follow","max-snippet":"max-snippet:-1","max-image-preview":"max-image-preview:large","max-video-preview":"max-video-preview:-1"},"canonical":"https:\/\/shop.les4saisonsduvexin.com\/index.php\/produit\/nectarines-blanches-2\/","og_locale":"fr_FR","og_type":"article","og_title":"Nectarines blanches - Boutique Les 4 Saisons du Vexin","og_description":"Origine : Espagne  Prix \u00e0 la pi\u00e8ce  Prix indicatif au kilo 8,90e","og_url":"https:\/\/shop.les4saisonsduvexin.com\/index.php\/produit\/nectarines-blanches-2\/","og_site_name":"Boutique Les 4 Saisons du Vexin","article_modified_time":"2026-05-07T21:05:04+00:00","og_image":[{"width":350,"height":350,"url":"https:\/\/shop.les4saisonsduvexin.com\/wp-content\/uploads\/2021\/03\/peches-blanches.jpg","type":"image\/jpeg"}],"twitter_card":"summary_large_image","twitter_misc":{"Dur\u00e9e de lecture estim\u00e9e":"2 minutes"},"schema":{"@context":"https:\/\/schema.org","@graph":[{"@type":"WebPage","@id":"https:\/\/shop.les4saisonsduvexin.com\/index.php\/produit\/nectarines-blanches-2\/","url":"https:\/\/shop.les4saisonsduvexin.com\/index.php\/produit\/nectarines-blanches-2\/","name":"Nectarines blanches - Boutique Les 4 Saisons du Vexin","isPartOf":{"@id":"https:\/\/shop.les4saisonsduvexin.com\/#website"},"primaryImageOfPage":{"@id":"https:\/\/shop.les4saisonsduvexin.com\/index.php\/produit\/nectarines-blanches-2\/#primaryimage"},"image":{"@id":"https:\/\/shop.les4saisonsduvexin.com\/index.php\/produit\/nectarines-blanches-2\/#primaryimage"},"thumbnailUrl":"https:\/\/shop.les4saisonsduvexin.com\/wp-content\/uploads\/2021\/03\/peches-blanches.jpg","datePublished":"2021-04-28T18:08:40+00:00","dateModified":"2026-05-07T21:05:04+00:00","breadcrumb":{"@id":"https:\/\/shop.les4saisonsduvexin.com\/index.php\/produit\/nectarines-blanches-2\/#breadcrumb"},"inLanguage":"fr-FR","potentialAction":[{"@type":"ReadAction","target":["https:\/\/shop.les4saisonsduvexin.com\/index.php\/produit\/nectarines-blanches-2\/"]}]},{"@type":"ImageObject","inLanguage":"fr-FR","@id":"https:\/\/shop.les4saisonsduvexin.com\/index.php\/produit\/nectarines-blanches-2\/#primaryimage","url":"https:\/\/shop.les4saisonsduvexin.com\/wp-content\/uploads\/2021\/03\/peches-blanches.jpg","contentUrl":"https:\/\/shop.les4saisonsduvexin.com\/wp-content\/uploads\/2021\/03\/peches-blanches.jpg","width":350,"height":350},{"@type":"BreadcrumbList","@id":"https:\/\/shop.les4saisonsduvexin.com\/index.php\/produit\/nectarines-blanches-2\/#breadcrumb","itemListElement":[{"@type":"ListItem","position":1,"name":"Accueil","item":"https:\/\/shop.les4saisonsduvexin.com\/"},{"@type":"ListItem","position":2,"name":"Boutique","item":"https:\/\/shop.les4saisonsduvexin.com\/"},{"@type":"ListItem","position":3,"name":"Nectarines blanches"}]},{"@type":"WebSite","@id":"https:\/\/shop.les4saisonsduvexin.com\/#website","url":"https:\/\/shop.les4saisonsduvexin.com\/","name":"Boutique Les 4 Saisons du Vexin","description":"","publisher":{"@id":"https:\/\/shop.les4saisonsduvexin.com\/#organization"},"potentialAction":[{"@type":"SearchAction","target":{"@type":"EntryPoint","urlTemplate":"https:\/\/shop.les4saisonsduvexin.com\/?s={search_term_string}"},"query-input":{"@type":"PropertyValueSpecification","valueRequired":true,"valueName":"search_term_string"}}],"inLanguage":"fr-FR"},{"@type":"Organization","@id":"https:\/\/shop.les4saisonsduvexin.com\/#organization","name":"Boutique Les 4 Saisons du Vexin","url":"https:\/\/shop.les4saisonsduvexin.com\/","logo":{"@type":"ImageObject","inLanguage":"fr-FR","@id":"https:\/\/shop.les4saisonsduvexin.com\/#\/schema\/logo\/image\/","url":"https:\/\/shop.les4saisonsduvexin.com\/wp-content\/uploads\/Logo-4-saisons-du-vexin.png","contentUrl":"https:\/\/shop.les4saisonsduvexin.com\/wp-content\/uploads\/Logo-4-saisons-du-vexin.png","width":200,"height":97,"caption":"Boutique Les 4 Saisons du Vexin"},"image":{"@id":"https:\/\/shop.les4saisonsduvexin.com\/#\/schema\/logo\/image\/"}}]}},"jetpack_sharing_enabled":true,"tiered_pricing_type":"fixed","tiered_pricing_fixed_rules":[],"tiered_pricing_product_settings":{"layout":"default","base_unit_name":{"singular":null,"plural":null},"default_variation":null},"tiered_pricing_minimum_quantity":null,"tiered_pricing_roles_data":[],"tiered_pricing_percentage_rules":[],"_links":{"self":[{"href":"https:\/\/shop.les4saisonsduvexin.com\/index.php\/wp-json\/wp\/v2\/product\/4006","targetHints":{"allow":["GET"]}}],"collection":[{"href":"https:\/\/shop.les4saisonsduvexin.com\/index.php\/wp-json\/wp\/v2\/product"}],"about":[{"href":"https:\/\/shop.les4saisonsduvexin.com\/index.php\/wp-json\/wp\/v2\/types\/product"}],"wp:featuredmedia":[{"embeddable":true,"href":"https:\/\/shop.les4saisonsduvexin.com\/index.php\/wp-json\/wp\/v2\/media\/3435"}],"wp:attachment":[{"href":"https:\/\/shop.les4saisonsduvexin.com\/index.php\/wp-json\/wp\/v2\/media?parent=4006"}],"wp:term":[{"taxonomy":"product_brand","embeddable":true,"href":"https:\/\/shop.les4saisonsduvexin.com\/index.php\/wp-json\/wp\/v2\/product_brand?post=4006"},{"taxonomy":"product_cat","embeddable":true,"href":"https:\/\/shop.les4saisonsduvexin.com\/index.php\/wp-json\/wp\/v2\/product_cat?post=4006"},{"taxonomy":"product_tag","embeddable":true,"href":"https:\/\/shop.les4saisonsduvexin.com\/index.php\/wp-json\/wp\/v2\/product_tag?post=4006"}],"curies":[{"name":"wp","href":"https:\/\/api.w.org\/{rel}","templated":true}]}}