{"id":4020,"date":"2022-05-20T16:56:59","date_gmt":"2022-05-20T16:56:59","guid":{"rendered":"https:\/\/shop.les4saisonsduvexin.com\/?post_type=product&#038;p=4020"},"modified":"2026-05-01T06:36:39","modified_gmt":"2026-05-01T06:36:39","slug":"abricots-2-2","status":"publish","type":"product","link":"https:\/\/shop.les4saisonsduvexin.com\/index.php\/produit\/abricots-2-2\/","title":{"rendered":"Abricots"},"content":{"rendered":"<p>Apparu il y a 5 000 ans, l\u2019abricot est aujourd\u2019hui\u00a0<strong>un fruit appr\u00e9ci\u00e9 de tous en \u00e9t\u00e9<\/strong>. Les vari\u00e9t\u00e9s se sont d\u00e9velopp\u00e9es au fil des ann\u00e9es, multipliant les textures et les saveurs. Cultiv\u00e9 dans le sud-est de la France, l\u2019abricot appara\u00eet aux beaux jours et garnit les \u00e9tals de sa chair gorg\u00e9e de soleil. Riche en nutriments essentiels, il se d\u00e9cline dans des recettes aussi bien sucr\u00e9es que sal\u00e9es.<\/p>\n<div class=\"texteToggleSize\">\n<ul>\n<li>Un abricot p\u00e8se\u00a0<strong>45 grammes en moyenne<\/strong>. Plus ou moins gros selon les vari\u00e9t\u00e9s, il conserve une teinte orang\u00e9e caract\u00e9ristique, souvent tachet\u00e9e de rouge, et une peau duveteuse. Sa chair est pulpeuse, sucr\u00e9e et juteuse.<\/li>\n<li>D\u2019un apport calorique moyen, l\u2019abricot est\u00a0<strong>un des fruits les plus riches en provitamine A (ou carot\u00e8ne)<\/strong>\u00a0: un fruit apporte pratiquement 50% du besoin quotidien. Croquez l\u2019abricot \u00e0 pleines dents pour profiter de cette source d\u2019\u00e9nergie gourmande.<\/li>\n<li>S\u2019il est d\u00e9licieux nature, l\u2019abricot s\u2019accommode aussi simplement en dessert, relev\u00e9 de citron et\/ou d\u2019\u00e9pices. Plus audacieux, il accompagne \u00e9galement les mets sal\u00e9s (canard, porc, viandes et poissons fum\u00e9s, m\u00e2che, \u00e9pinards).<\/li>\n<\/ul>\n<ul>\n<li>Il existe de\u00a0<strong>multiples vari\u00e9t\u00e9s d\u2019abricots cultiv\u00e9es en France<\/strong>. Les terroirs favorables \u00e0 l\u2019esp\u00e8ce leur conf\u00e8rent une grande saveur.<\/li>\n<\/ul>\n<ul>\n<li>L\u2019abricot est un\u00a0<strong>fruit estival<\/strong>\u00a0dont les vari\u00e9t\u00e9s se succ\u00e8dent au fil de la saison.<\/li>\n<\/ul>\n<\/div>\n","protected":false},"excerpt":{"rendered":"<p>Origine : Espagne<\/p>\n<p>Prix au 500gr<\/p>\n<p>Prix indicatif au kilo 9,95 e<\/p>\n","protected":false},"featured_media":2821,"template":"","meta":[],"product_brand":[],"product_cat":[21,22,20],"product_tag":[],"class_list":{"0":"post-4020","1":"product","2":"type-product","3":"status-publish","4":"has-post-thumbnail","6":"product_cat-fruits","7":"product_cat-fruits-de-saison","8":"product_cat-nouveautes","10":"first","11":"instock","12":"shipping-taxable","13":"purchasable","14":"product-type-simple"},"yoast_head":"<!-- This site is optimized with the Yoast SEO plugin v27.5 - https:\/\/yoast.com\/product\/yoast-seo-wordpress\/ -->\n<title>Abricots - Boutique Les 4 Saisons du Vexin<\/title>\n<meta name=\"robots\" content=\"index, follow, max-snippet:-1, max-image-preview:large, max-video-preview:-1\" \/>\n<link rel=\"canonical\" href=\"https:\/\/shop.les4saisonsduvexin.com\/index.php\/produit\/abricots-2-2\/\" \/>\n<meta property=\"og:locale\" content=\"fr_FR\" \/>\n<meta property=\"og:type\" content=\"article\" \/>\n<meta property=\"og:title\" content=\"Abricots - Boutique Les 4 Saisons du Vexin\" \/>\n<meta property=\"og:description\" content=\"Origine : Espagne  Prix au 500gr  Prix indicatif au kilo 9,95 e\" \/>\n<meta property=\"og:url\" content=\"https:\/\/shop.les4saisonsduvexin.com\/index.php\/produit\/abricots-2-2\/\" \/>\n<meta property=\"og:site_name\" content=\"Boutique Les 4 Saisons du Vexin\" \/>\n<meta property=\"article:modified_time\" content=\"2026-05-01T06:36:39+00:00\" \/>\n<meta property=\"og:image\" content=\"https:\/\/shop.les4saisonsduvexin.com\/wp-content\/uploads\/abricot.jpg\" \/>\n\t<meta property=\"og:image:width\" content=\"350\" \/>\n\t<meta property=\"og:image:height\" content=\"350\" \/>\n\t<meta property=\"og:image:type\" content=\"image\/jpeg\" \/>\n<meta name=\"twitter:card\" content=\"summary_large_image\" \/>\n<meta name=\"twitter:label1\" content=\"Dur\u00e9e de lecture estim\u00e9e\" \/>\n\t<meta name=\"twitter:data1\" content=\"2 minutes\" \/>\n<script type=\"application\/ld+json\" class=\"yoast-schema-graph\">{\"@context\":\"https:\\\/\\\/schema.org\",\"@graph\":[{\"@type\":\"WebPage\",\"@id\":\"https:\\\/\\\/shop.les4saisonsduvexin.com\\\/index.php\\\/produit\\\/abricots-2-2\\\/\",\"url\":\"https:\\\/\\\/shop.les4saisonsduvexin.com\\\/index.php\\\/produit\\\/abricots-2-2\\\/\",\"name\":\"Abricots - Boutique Les 4 Saisons du Vexin\",\"isPartOf\":{\"@id\":\"https:\\\/\\\/shop.les4saisonsduvexin.com\\\/#website\"},\"primaryImageOfPage\":{\"@id\":\"https:\\\/\\\/shop.les4saisonsduvexin.com\\\/index.php\\\/produit\\\/abricots-2-2\\\/#primaryimage\"},\"image\":{\"@id\":\"https:\\\/\\\/shop.les4saisonsduvexin.com\\\/index.php\\\/produit\\\/abricots-2-2\\\/#primaryimage\"},\"thumbnailUrl\":\"https:\\\/\\\/shop.les4saisonsduvexin.com\\\/wp-content\\\/uploads\\\/abricot.jpg\",\"datePublished\":\"2022-05-20T16:56:59+00:00\",\"dateModified\":\"2026-05-01T06:36:39+00:00\",\"breadcrumb\":{\"@id\":\"https:\\\/\\\/shop.les4saisonsduvexin.com\\\/index.php\\\/produit\\\/abricots-2-2\\\/#breadcrumb\"},\"inLanguage\":\"fr-FR\",\"potentialAction\":[{\"@type\":\"ReadAction\",\"target\":[\"https:\\\/\\\/shop.les4saisonsduvexin.com\\\/index.php\\\/produit\\\/abricots-2-2\\\/\"]}]},{\"@type\":\"ImageObject\",\"inLanguage\":\"fr-FR\",\"@id\":\"https:\\\/\\\/shop.les4saisonsduvexin.com\\\/index.php\\\/produit\\\/abricots-2-2\\\/#primaryimage\",\"url\":\"https:\\\/\\\/shop.les4saisonsduvexin.com\\\/wp-content\\\/uploads\\\/abricot.jpg\",\"contentUrl\":\"https:\\\/\\\/shop.les4saisonsduvexin.com\\\/wp-content\\\/uploads\\\/abricot.jpg\",\"width\":350,\"height\":350},{\"@type\":\"BreadcrumbList\",\"@id\":\"https:\\\/\\\/shop.les4saisonsduvexin.com\\\/index.php\\\/produit\\\/abricots-2-2\\\/#breadcrumb\",\"itemListElement\":[{\"@type\":\"ListItem\",\"position\":1,\"name\":\"Accueil\",\"item\":\"https:\\\/\\\/shop.les4saisonsduvexin.com\\\/\"},{\"@type\":\"ListItem\",\"position\":2,\"name\":\"Boutique\",\"item\":\"https:\\\/\\\/shop.les4saisonsduvexin.com\\\/\"},{\"@type\":\"ListItem\",\"position\":3,\"name\":\"Abricots\"}]},{\"@type\":\"WebSite\",\"@id\":\"https:\\\/\\\/shop.les4saisonsduvexin.com\\\/#website\",\"url\":\"https:\\\/\\\/shop.les4saisonsduvexin.com\\\/\",\"name\":\"Boutique Les 4 Saisons du Vexin\",\"description\":\"\",\"publisher\":{\"@id\":\"https:\\\/\\\/shop.les4saisonsduvexin.com\\\/#organization\"},\"potentialAction\":[{\"@type\":\"SearchAction\",\"target\":{\"@type\":\"EntryPoint\",\"urlTemplate\":\"https:\\\/\\\/shop.les4saisonsduvexin.com\\\/?s={search_term_string}\"},\"query-input\":{\"@type\":\"PropertyValueSpecification\",\"valueRequired\":true,\"valueName\":\"search_term_string\"}}],\"inLanguage\":\"fr-FR\"},{\"@type\":\"Organization\",\"@id\":\"https:\\\/\\\/shop.les4saisonsduvexin.com\\\/#organization\",\"name\":\"Boutique Les 4 Saisons du Vexin\",\"url\":\"https:\\\/\\\/shop.les4saisonsduvexin.com\\\/\",\"logo\":{\"@type\":\"ImageObject\",\"inLanguage\":\"fr-FR\",\"@id\":\"https:\\\/\\\/shop.les4saisonsduvexin.com\\\/#\\\/schema\\\/logo\\\/image\\\/\",\"url\":\"https:\\\/\\\/shop.les4saisonsduvexin.com\\\/wp-content\\\/uploads\\\/Logo-4-saisons-du-vexin.png\",\"contentUrl\":\"https:\\\/\\\/shop.les4saisonsduvexin.com\\\/wp-content\\\/uploads\\\/Logo-4-saisons-du-vexin.png\",\"width\":200,\"height\":97,\"caption\":\"Boutique Les 4 Saisons du Vexin\"},\"image\":{\"@id\":\"https:\\\/\\\/shop.les4saisonsduvexin.com\\\/#\\\/schema\\\/logo\\\/image\\\/\"}}]}<\/script>\n<!-- \/ Yoast SEO plugin. -->","yoast_head_json":{"title":"Abricots - Boutique Les 4 Saisons du Vexin","robots":{"index":"index","follow":"follow","max-snippet":"max-snippet:-1","max-image-preview":"max-image-preview:large","max-video-preview":"max-video-preview:-1"},"canonical":"https:\/\/shop.les4saisonsduvexin.com\/index.php\/produit\/abricots-2-2\/","og_locale":"fr_FR","og_type":"article","og_title":"Abricots - Boutique Les 4 Saisons du Vexin","og_description":"Origine : Espagne  Prix au 500gr  Prix indicatif au kilo 9,95 e","og_url":"https:\/\/shop.les4saisonsduvexin.com\/index.php\/produit\/abricots-2-2\/","og_site_name":"Boutique Les 4 Saisons du Vexin","article_modified_time":"2026-05-01T06:36:39+00:00","og_image":[{"width":350,"height":350,"url":"https:\/\/shop.les4saisonsduvexin.com\/wp-content\/uploads\/abricot.jpg","type":"image\/jpeg"}],"twitter_card":"summary_large_image","twitter_misc":{"Dur\u00e9e de lecture estim\u00e9e":"2 minutes"},"schema":{"@context":"https:\/\/schema.org","@graph":[{"@type":"WebPage","@id":"https:\/\/shop.les4saisonsduvexin.com\/index.php\/produit\/abricots-2-2\/","url":"https:\/\/shop.les4saisonsduvexin.com\/index.php\/produit\/abricots-2-2\/","name":"Abricots - Boutique Les 4 Saisons du Vexin","isPartOf":{"@id":"https:\/\/shop.les4saisonsduvexin.com\/#website"},"primaryImageOfPage":{"@id":"https:\/\/shop.les4saisonsduvexin.com\/index.php\/produit\/abricots-2-2\/#primaryimage"},"image":{"@id":"https:\/\/shop.les4saisonsduvexin.com\/index.php\/produit\/abricots-2-2\/#primaryimage"},"thumbnailUrl":"https:\/\/shop.les4saisonsduvexin.com\/wp-content\/uploads\/abricot.jpg","datePublished":"2022-05-20T16:56:59+00:00","dateModified":"2026-05-01T06:36:39+00:00","breadcrumb":{"@id":"https:\/\/shop.les4saisonsduvexin.com\/index.php\/produit\/abricots-2-2\/#breadcrumb"},"inLanguage":"fr-FR","potentialAction":[{"@type":"ReadAction","target":["https:\/\/shop.les4saisonsduvexin.com\/index.php\/produit\/abricots-2-2\/"]}]},{"@type":"ImageObject","inLanguage":"fr-FR","@id":"https:\/\/shop.les4saisonsduvexin.com\/index.php\/produit\/abricots-2-2\/#primaryimage","url":"https:\/\/shop.les4saisonsduvexin.com\/wp-content\/uploads\/abricot.jpg","contentUrl":"https:\/\/shop.les4saisonsduvexin.com\/wp-content\/uploads\/abricot.jpg","width":350,"height":350},{"@type":"BreadcrumbList","@id":"https:\/\/shop.les4saisonsduvexin.com\/index.php\/produit\/abricots-2-2\/#breadcrumb","itemListElement":[{"@type":"ListItem","position":1,"name":"Accueil","item":"https:\/\/shop.les4saisonsduvexin.com\/"},{"@type":"ListItem","position":2,"name":"Boutique","item":"https:\/\/shop.les4saisonsduvexin.com\/"},{"@type":"ListItem","position":3,"name":"Abricots"}]},{"@type":"WebSite","@id":"https:\/\/shop.les4saisonsduvexin.com\/#website","url":"https:\/\/shop.les4saisonsduvexin.com\/","name":"Boutique Les 4 Saisons du Vexin","description":"","publisher":{"@id":"https:\/\/shop.les4saisonsduvexin.com\/#organization"},"potentialAction":[{"@type":"SearchAction","target":{"@type":"EntryPoint","urlTemplate":"https:\/\/shop.les4saisonsduvexin.com\/?s={search_term_string}"},"query-input":{"@type":"PropertyValueSpecification","valueRequired":true,"valueName":"search_term_string"}}],"inLanguage":"fr-FR"},{"@type":"Organization","@id":"https:\/\/shop.les4saisonsduvexin.com\/#organization","name":"Boutique Les 4 Saisons du Vexin","url":"https:\/\/shop.les4saisonsduvexin.com\/","logo":{"@type":"ImageObject","inLanguage":"fr-FR","@id":"https:\/\/shop.les4saisonsduvexin.com\/#\/schema\/logo\/image\/","url":"https:\/\/shop.les4saisonsduvexin.com\/wp-content\/uploads\/Logo-4-saisons-du-vexin.png","contentUrl":"https:\/\/shop.les4saisonsduvexin.com\/wp-content\/uploads\/Logo-4-saisons-du-vexin.png","width":200,"height":97,"caption":"Boutique Les 4 Saisons du Vexin"},"image":{"@id":"https:\/\/shop.les4saisonsduvexin.com\/#\/schema\/logo\/image\/"}}]}},"jetpack_sharing_enabled":true,"tiered_pricing_type":"fixed","tiered_pricing_fixed_rules":[],"tiered_pricing_product_settings":{"layout":"default","base_unit_name":{"singular":null,"plural":null},"default_variation":null},"tiered_pricing_minimum_quantity":null,"tiered_pricing_roles_data":[],"tiered_pricing_percentage_rules":[],"_links":{"self":[{"href":"https:\/\/shop.les4saisonsduvexin.com\/index.php\/wp-json\/wp\/v2\/product\/4020","targetHints":{"allow":["GET"]}}],"collection":[{"href":"https:\/\/shop.les4saisonsduvexin.com\/index.php\/wp-json\/wp\/v2\/product"}],"about":[{"href":"https:\/\/shop.les4saisonsduvexin.com\/index.php\/wp-json\/wp\/v2\/types\/product"}],"wp:featuredmedia":[{"embeddable":true,"href":"https:\/\/shop.les4saisonsduvexin.com\/index.php\/wp-json\/wp\/v2\/media\/2821"}],"wp:attachment":[{"href":"https:\/\/shop.les4saisonsduvexin.com\/index.php\/wp-json\/wp\/v2\/media?parent=4020"}],"wp:term":[{"taxonomy":"product_brand","embeddable":true,"href":"https:\/\/shop.les4saisonsduvexin.com\/index.php\/wp-json\/wp\/v2\/product_brand?post=4020"},{"taxonomy":"product_cat","embeddable":true,"href":"https:\/\/shop.les4saisonsduvexin.com\/index.php\/wp-json\/wp\/v2\/product_cat?post=4020"},{"taxonomy":"product_tag","embeddable":true,"href":"https:\/\/shop.les4saisonsduvexin.com\/index.php\/wp-json\/wp\/v2\/product_tag?post=4020"}],"curies":[{"name":"wp","href":"https:\/\/api.w.org\/{rel}","templated":true}]}}