{"id":4025,"date":"2022-12-01T18:24:57","date_gmt":"2022-12-01T18:24:57","guid":{"rendered":"https:\/\/shop.les4saisonsduvexin.com\/?post_type=product&#038;p=4025"},"modified":"2026-03-13T11:55:45","modified_gmt":"2026-03-13T11:55:45","slug":"pommes-melangees-du-vexin-promo-2-kg","status":"publish","type":"product","link":"https:\/\/shop.les4saisonsduvexin.com\/index.php\/produit\/pommes-melangees-du-vexin-promo-2-kg\/","title":{"rendered":"Pommes M\u00e9lang\u00e9es du Vexin Promo 2 kg"},"content":{"rendered":"","protected":false},"excerpt":{"rendered":"<p>Prix par 2kg<\/p>\n<p>M\u00e9lange de pommes<\/p>\n<p>Goldrush\/ Royal Gala\/Jonagold<\/p>\n<p>&nbsp;<\/p>\n","protected":false},"featured_media":3202,"template":"","meta":[],"product_brand":[],"product_cat":[21,22,19,23],"product_tag":[],"class_list":{"0":"post-4025","1":"product","2":"type-product","3":"status-publish","4":"has-post-thumbnail","6":"product_cat-fruits","7":"product_cat-fruits-de-saison","8":"product_cat-production-locale","9":"product_cat-promotions","11":"first","12":"instock","13":"shipping-taxable","14":"purchasable","15":"product-type-simple"},"yoast_head":"<!-- This site is optimized with the Yoast SEO plugin v27.5 - https:\/\/yoast.com\/product\/yoast-seo-wordpress\/ -->\n<title>Pommes M\u00e9lang\u00e9es du Vexin Promo 2 kg - Boutique Les 4 Saisons du Vexin<\/title>\n<meta name=\"robots\" content=\"index, follow, max-snippet:-1, max-image-preview:large, max-video-preview:-1\" \/>\n<link rel=\"canonical\" href=\"https:\/\/shop.les4saisonsduvexin.com\/index.php\/produit\/pommes-melangees-du-vexin-promo-2-kg\/\" \/>\n<meta property=\"og:locale\" content=\"fr_FR\" \/>\n<meta property=\"og:type\" content=\"article\" \/>\n<meta property=\"og:title\" content=\"Pommes M\u00e9lang\u00e9es du Vexin Promo 2 kg - Boutique Les 4 Saisons du Vexin\" \/>\n<meta property=\"og:description\" content=\"Prix par 2kg  M\u00e9lange de pommes  Goldrush\/ Royal Gala\/Jonagold  &nbsp;\" \/>\n<meta property=\"og:url\" content=\"https:\/\/shop.les4saisonsduvexin.com\/index.php\/produit\/pommes-melangees-du-vexin-promo-2-kg\/\" \/>\n<meta property=\"og:site_name\" content=\"Boutique Les 4 Saisons du Vexin\" \/>\n<meta property=\"article:modified_time\" content=\"2026-03-13T11:55:45+00:00\" \/>\n<meta property=\"og:image\" content=\"https:\/\/shop.les4saisonsduvexin.com\/wp-content\/uploads\/2021\/03\/34887-0w470h470_Pommes_Royal_Gala_France_Bio.jpg\" \/>\n\t<meta property=\"og:image:width\" content=\"470\" \/>\n\t<meta property=\"og:image:height\" content=\"470\" \/>\n\t<meta property=\"og:image:type\" content=\"image\/jpeg\" \/>\n<meta name=\"twitter:card\" content=\"summary_large_image\" \/>\n<meta name=\"twitter:label1\" content=\"Dur\u00e9e de lecture estim\u00e9e\" \/>\n\t<meta name=\"twitter:data1\" content=\"1 minute\" \/>\n<script type=\"application\/ld+json\" class=\"yoast-schema-graph\">{\"@context\":\"https:\\\/\\\/schema.org\",\"@graph\":[{\"@type\":\"WebPage\",\"@id\":\"https:\\\/\\\/shop.les4saisonsduvexin.com\\\/index.php\\\/produit\\\/pommes-melangees-du-vexin-promo-2-kg\\\/\",\"url\":\"https:\\\/\\\/shop.les4saisonsduvexin.com\\\/index.php\\\/produit\\\/pommes-melangees-du-vexin-promo-2-kg\\\/\",\"name\":\"Pommes M\u00e9lang\u00e9es du Vexin Promo 2 kg - Boutique Les 4 Saisons du Vexin\",\"isPartOf\":{\"@id\":\"https:\\\/\\\/shop.les4saisonsduvexin.com\\\/#website\"},\"primaryImageOfPage\":{\"@id\":\"https:\\\/\\\/shop.les4saisonsduvexin.com\\\/index.php\\\/produit\\\/pommes-melangees-du-vexin-promo-2-kg\\\/#primaryimage\"},\"image\":{\"@id\":\"https:\\\/\\\/shop.les4saisonsduvexin.com\\\/index.php\\\/produit\\\/pommes-melangees-du-vexin-promo-2-kg\\\/#primaryimage\"},\"thumbnailUrl\":\"https:\\\/\\\/shop.les4saisonsduvexin.com\\\/wp-content\\\/uploads\\\/2021\\\/03\\\/34887-0w470h470_Pommes_Royal_Gala_France_Bio.jpg\",\"datePublished\":\"2022-12-01T18:24:57+00:00\",\"dateModified\":\"2026-03-13T11:55:45+00:00\",\"breadcrumb\":{\"@id\":\"https:\\\/\\\/shop.les4saisonsduvexin.com\\\/index.php\\\/produit\\\/pommes-melangees-du-vexin-promo-2-kg\\\/#breadcrumb\"},\"inLanguage\":\"fr-FR\",\"potentialAction\":[{\"@type\":\"ReadAction\",\"target\":[\"https:\\\/\\\/shop.les4saisonsduvexin.com\\\/index.php\\\/produit\\\/pommes-melangees-du-vexin-promo-2-kg\\\/\"]}]},{\"@type\":\"ImageObject\",\"inLanguage\":\"fr-FR\",\"@id\":\"https:\\\/\\\/shop.les4saisonsduvexin.com\\\/index.php\\\/produit\\\/pommes-melangees-du-vexin-promo-2-kg\\\/#primaryimage\",\"url\":\"https:\\\/\\\/shop.les4saisonsduvexin.com\\\/wp-content\\\/uploads\\\/2021\\\/03\\\/34887-0w470h470_Pommes_Royal_Gala_France_Bio.jpg\",\"contentUrl\":\"https:\\\/\\\/shop.les4saisonsduvexin.com\\\/wp-content\\\/uploads\\\/2021\\\/03\\\/34887-0w470h470_Pommes_Royal_Gala_France_Bio.jpg\",\"width\":470,\"height\":470},{\"@type\":\"BreadcrumbList\",\"@id\":\"https:\\\/\\\/shop.les4saisonsduvexin.com\\\/index.php\\\/produit\\\/pommes-melangees-du-vexin-promo-2-kg\\\/#breadcrumb\",\"itemListElement\":[{\"@type\":\"ListItem\",\"position\":1,\"name\":\"Accueil\",\"item\":\"https:\\\/\\\/shop.les4saisonsduvexin.com\\\/\"},{\"@type\":\"ListItem\",\"position\":2,\"name\":\"Boutique\",\"item\":\"https:\\\/\\\/shop.les4saisonsduvexin.com\\\/\"},{\"@type\":\"ListItem\",\"position\":3,\"name\":\"Pommes M\u00e9lang\u00e9es du Vexin Promo 2 kg\"}]},{\"@type\":\"WebSite\",\"@id\":\"https:\\\/\\\/shop.les4saisonsduvexin.com\\\/#website\",\"url\":\"https:\\\/\\\/shop.les4saisonsduvexin.com\\\/\",\"name\":\"Boutique Les 4 Saisons du Vexin\",\"description\":\"\",\"publisher\":{\"@id\":\"https:\\\/\\\/shop.les4saisonsduvexin.com\\\/#organization\"},\"potentialAction\":[{\"@type\":\"SearchAction\",\"target\":{\"@type\":\"EntryPoint\",\"urlTemplate\":\"https:\\\/\\\/shop.les4saisonsduvexin.com\\\/?s={search_term_string}\"},\"query-input\":{\"@type\":\"PropertyValueSpecification\",\"valueRequired\":true,\"valueName\":\"search_term_string\"}}],\"inLanguage\":\"fr-FR\"},{\"@type\":\"Organization\",\"@id\":\"https:\\\/\\\/shop.les4saisonsduvexin.com\\\/#organization\",\"name\":\"Boutique Les 4 Saisons du Vexin\",\"url\":\"https:\\\/\\\/shop.les4saisonsduvexin.com\\\/\",\"logo\":{\"@type\":\"ImageObject\",\"inLanguage\":\"fr-FR\",\"@id\":\"https:\\\/\\\/shop.les4saisonsduvexin.com\\\/#\\\/schema\\\/logo\\\/image\\\/\",\"url\":\"https:\\\/\\\/shop.les4saisonsduvexin.com\\\/wp-content\\\/uploads\\\/Logo-4-saisons-du-vexin.png\",\"contentUrl\":\"https:\\\/\\\/shop.les4saisonsduvexin.com\\\/wp-content\\\/uploads\\\/Logo-4-saisons-du-vexin.png\",\"width\":200,\"height\":97,\"caption\":\"Boutique Les 4 Saisons du Vexin\"},\"image\":{\"@id\":\"https:\\\/\\\/shop.les4saisonsduvexin.com\\\/#\\\/schema\\\/logo\\\/image\\\/\"}}]}<\/script>\n<!-- \/ Yoast SEO plugin. -->","yoast_head_json":{"title":"Pommes M\u00e9lang\u00e9es du Vexin Promo 2 kg - Boutique Les 4 Saisons du Vexin","robots":{"index":"index","follow":"follow","max-snippet":"max-snippet:-1","max-image-preview":"max-image-preview:large","max-video-preview":"max-video-preview:-1"},"canonical":"https:\/\/shop.les4saisonsduvexin.com\/index.php\/produit\/pommes-melangees-du-vexin-promo-2-kg\/","og_locale":"fr_FR","og_type":"article","og_title":"Pommes M\u00e9lang\u00e9es du Vexin Promo 2 kg - Boutique Les 4 Saisons du Vexin","og_description":"Prix par 2kg  M\u00e9lange de pommes  Goldrush\/ Royal Gala\/Jonagold  &nbsp;","og_url":"https:\/\/shop.les4saisonsduvexin.com\/index.php\/produit\/pommes-melangees-du-vexin-promo-2-kg\/","og_site_name":"Boutique Les 4 Saisons du Vexin","article_modified_time":"2026-03-13T11:55:45+00:00","og_image":[{"width":470,"height":470,"url":"https:\/\/shop.les4saisonsduvexin.com\/wp-content\/uploads\/2021\/03\/34887-0w470h470_Pommes_Royal_Gala_France_Bio.jpg","type":"image\/jpeg"}],"twitter_card":"summary_large_image","twitter_misc":{"Dur\u00e9e de lecture estim\u00e9e":"1 minute"},"schema":{"@context":"https:\/\/schema.org","@graph":[{"@type":"WebPage","@id":"https:\/\/shop.les4saisonsduvexin.com\/index.php\/produit\/pommes-melangees-du-vexin-promo-2-kg\/","url":"https:\/\/shop.les4saisonsduvexin.com\/index.php\/produit\/pommes-melangees-du-vexin-promo-2-kg\/","name":"Pommes M\u00e9lang\u00e9es du Vexin Promo 2 kg - Boutique Les 4 Saisons du Vexin","isPartOf":{"@id":"https:\/\/shop.les4saisonsduvexin.com\/#website"},"primaryImageOfPage":{"@id":"https:\/\/shop.les4saisonsduvexin.com\/index.php\/produit\/pommes-melangees-du-vexin-promo-2-kg\/#primaryimage"},"image":{"@id":"https:\/\/shop.les4saisonsduvexin.com\/index.php\/produit\/pommes-melangees-du-vexin-promo-2-kg\/#primaryimage"},"thumbnailUrl":"https:\/\/shop.les4saisonsduvexin.com\/wp-content\/uploads\/2021\/03\/34887-0w470h470_Pommes_Royal_Gala_France_Bio.jpg","datePublished":"2022-12-01T18:24:57+00:00","dateModified":"2026-03-13T11:55:45+00:00","breadcrumb":{"@id":"https:\/\/shop.les4saisonsduvexin.com\/index.php\/produit\/pommes-melangees-du-vexin-promo-2-kg\/#breadcrumb"},"inLanguage":"fr-FR","potentialAction":[{"@type":"ReadAction","target":["https:\/\/shop.les4saisonsduvexin.com\/index.php\/produit\/pommes-melangees-du-vexin-promo-2-kg\/"]}]},{"@type":"ImageObject","inLanguage":"fr-FR","@id":"https:\/\/shop.les4saisonsduvexin.com\/index.php\/produit\/pommes-melangees-du-vexin-promo-2-kg\/#primaryimage","url":"https:\/\/shop.les4saisonsduvexin.com\/wp-content\/uploads\/2021\/03\/34887-0w470h470_Pommes_Royal_Gala_France_Bio.jpg","contentUrl":"https:\/\/shop.les4saisonsduvexin.com\/wp-content\/uploads\/2021\/03\/34887-0w470h470_Pommes_Royal_Gala_France_Bio.jpg","width":470,"height":470},{"@type":"BreadcrumbList","@id":"https:\/\/shop.les4saisonsduvexin.com\/index.php\/produit\/pommes-melangees-du-vexin-promo-2-kg\/#breadcrumb","itemListElement":[{"@type":"ListItem","position":1,"name":"Accueil","item":"https:\/\/shop.les4saisonsduvexin.com\/"},{"@type":"ListItem","position":2,"name":"Boutique","item":"https:\/\/shop.les4saisonsduvexin.com\/"},{"@type":"ListItem","position":3,"name":"Pommes M\u00e9lang\u00e9es du Vexin Promo 2 kg"}]},{"@type":"WebSite","@id":"https:\/\/shop.les4saisonsduvexin.com\/#website","url":"https:\/\/shop.les4saisonsduvexin.com\/","name":"Boutique Les 4 Saisons du Vexin","description":"","publisher":{"@id":"https:\/\/shop.les4saisonsduvexin.com\/#organization"},"potentialAction":[{"@type":"SearchAction","target":{"@type":"EntryPoint","urlTemplate":"https:\/\/shop.les4saisonsduvexin.com\/?s={search_term_string}"},"query-input":{"@type":"PropertyValueSpecification","valueRequired":true,"valueName":"search_term_string"}}],"inLanguage":"fr-FR"},{"@type":"Organization","@id":"https:\/\/shop.les4saisonsduvexin.com\/#organization","name":"Boutique Les 4 Saisons du Vexin","url":"https:\/\/shop.les4saisonsduvexin.com\/","logo":{"@type":"ImageObject","inLanguage":"fr-FR","@id":"https:\/\/shop.les4saisonsduvexin.com\/#\/schema\/logo\/image\/","url":"https:\/\/shop.les4saisonsduvexin.com\/wp-content\/uploads\/Logo-4-saisons-du-vexin.png","contentUrl":"https:\/\/shop.les4saisonsduvexin.com\/wp-content\/uploads\/Logo-4-saisons-du-vexin.png","width":200,"height":97,"caption":"Boutique Les 4 Saisons du Vexin"},"image":{"@id":"https:\/\/shop.les4saisonsduvexin.com\/#\/schema\/logo\/image\/"}}]}},"jetpack_sharing_enabled":true,"tiered_pricing_type":"fixed","tiered_pricing_fixed_rules":[],"tiered_pricing_product_settings":{"layout":"default","base_unit_name":{"singular":null,"plural":null},"default_variation":null},"tiered_pricing_minimum_quantity":null,"tiered_pricing_roles_data":[],"tiered_pricing_percentage_rules":[],"_links":{"self":[{"href":"https:\/\/shop.les4saisonsduvexin.com\/index.php\/wp-json\/wp\/v2\/product\/4025","targetHints":{"allow":["GET"]}}],"collection":[{"href":"https:\/\/shop.les4saisonsduvexin.com\/index.php\/wp-json\/wp\/v2\/product"}],"about":[{"href":"https:\/\/shop.les4saisonsduvexin.com\/index.php\/wp-json\/wp\/v2\/types\/product"}],"wp:featuredmedia":[{"embeddable":true,"href":"https:\/\/shop.les4saisonsduvexin.com\/index.php\/wp-json\/wp\/v2\/media\/3202"}],"wp:attachment":[{"href":"https:\/\/shop.les4saisonsduvexin.com\/index.php\/wp-json\/wp\/v2\/media?parent=4025"}],"wp:term":[{"taxonomy":"product_brand","embeddable":true,"href":"https:\/\/shop.les4saisonsduvexin.com\/index.php\/wp-json\/wp\/v2\/product_brand?post=4025"},{"taxonomy":"product_cat","embeddable":true,"href":"https:\/\/shop.les4saisonsduvexin.com\/index.php\/wp-json\/wp\/v2\/product_cat?post=4025"},{"taxonomy":"product_tag","embeddable":true,"href":"https:\/\/shop.les4saisonsduvexin.com\/index.php\/wp-json\/wp\/v2\/product_tag?post=4025"}],"curies":[{"name":"wp","href":"https:\/\/api.w.org\/{rel}","templated":true}]}}