{"id":4944,"date":"2025-03-10T11:13:40","date_gmt":"2025-03-10T11:13:40","guid":{"rendered":"https:\/\/shop.les4saisonsduvexin.com\/?post_type=product&#038;p=4944"},"modified":"2026-04-02T17:00:00","modified_gmt":"2026-04-02T17:00:00","slug":"fruit-de-la-passion-jaune-box-1kg","status":"publish","type":"product","link":"https:\/\/shop.les4saisonsduvexin.com\/index.php\/produit\/fruit-de-la-passion-jaune-box-1kg\/","title":{"rendered":"Fruit de la passion jaune Box 1KG"},"content":{"rendered":"<div class=\"texteToggleSize\">\n<p>Si le fruit de la passion poss\u00e8de un nom original, il est surtout connu pour\u00a0<strong>sa saveur exceptionnelle<\/strong>. Faites entrer l&rsquo;exotisme dans la cuisine et offrez de nouvelles sensations \u00e0 votre palais en accommodant ce fruit dans vos\u00a0<strong>pr\u00e9parations sal\u00e9es, sucr\u00e9es et vos cocktails\u00a0<\/strong>! Il poss\u00e8de \u00e9galement de r\u00e9elles\u00a0<strong>qualit\u00e9s nutritionnelles<\/strong>.<\/p>\n<\/div>\n<div class=\"texteToggleSize\">\n<ul>\n<li>1 fruit de la passion a la\u00a0<strong>forme d&rsquo;un gros \u0153uf<\/strong>\u00a0et p\u00e8se\u00a0<strong>entre 60 et 90 grammes en moyenne<\/strong>. Il pousse sur une liane, nomm\u00e9e\u00a0<strong>passionaria<\/strong>. Selon la vari\u00e9t\u00e9, le fruit de la passion peut \u00eatre\u00a0<strong>de couleur jaune, orang\u00e9e ou brune<\/strong>.<\/li>\n<li>Ce fruit exotique renferme une multitude de <strong>petites graines noires<\/strong>\u00a0enrob\u00e9es d&rsquo;<strong>une pulpe translucide orang\u00e9e et parfum\u00e9e\u00a0: l&rsquo;arille<\/strong>.<\/li>\n<li>La famille des\u00a0<em>passiflorac\u00e9es<\/em>, \u00e0 laquelle le fruit de la passion appartient, compte\u00a0<strong>pr\u00e8s de 400 esp\u00e8ces<\/strong>. Mais seules quelques-unes sont comestibles. Sur les\u00a0<strong>\u00e9tals fran\u00e7ais<\/strong>, la\u00a0<strong>grenadille pourpre<\/strong>\u00a0est l&rsquo;esp\u00e8ce la plus r\u00e9pandue.<\/li>\n<li>Fragile, le fruit de la passion\u00a0<strong>supporte mal la cuisson\u00a0<\/strong>mais se pr\u00eate tr\u00e8s bien \u00e0 vos envies de cr\u00e9ativit\u00e9\u00a0!<\/li>\n<li>Le fruit de la passion fournit du<strong>\u00a0carot\u00e8ne, de la vitamine C, des min\u00e9raux et des fibres<\/strong>.<\/li>\n<li>Le fruit de la passion est\u00a0<strong>disponible tout au long de l&rsquo;ann\u00e9e<\/strong>.<\/li>\n<\/ul>\n<\/div>\n","protected":false},"excerpt":{"rendered":"<p>Si le fruit de la passion poss\u00e8de un nom original, il est surtout connu pour\u00a0sa saveur exceptionnelle. Faites entrer l&rsquo;exotisme dans la cuisine et offrez de nouvelles sensations \u00e0 votre palais en accommodant ce fruit dans vos\u00a0pr\u00e9parations sal\u00e9es, sucr\u00e9es et vos cocktails\u00a0! Il poss\u00e8de \u00e9galement de r\u00e9elles\u00a0qualit\u00e9s nutritionnelles. 1 fruit de la passion a la\u00a0forme<\/p>\n<div class=\"more-link\">\n\t\t\t\t <a href=\"https:\/\/shop.les4saisonsduvexin.com\/index.php\/produit\/fruit-de-la-passion-jaune-box-1kg\/\" class=\"btn theme-btn\"><span>Continue Reading <\/span><i class=\"icofont-thin-double-right\"><\/i><\/a>\n\t\t\t<\/div>\n","protected":false},"featured_media":4870,"template":"","meta":[],"product_brand":[],"product_cat":[21,24,20],"product_tag":[],"class_list":{"0":"post-4944","1":"product","2":"type-product","3":"status-publish","4":"has-post-thumbnail","6":"product_cat-fruits","7":"product_cat-fruits-exotiques","8":"product_cat-nouveautes","10":"first","11":"instock","12":"shipping-taxable","13":"purchasable","14":"product-type-simple"},"yoast_head":"<!-- This site is optimized with the Yoast SEO plugin v27.3 - https:\/\/yoast.com\/product\/yoast-seo-wordpress\/ -->\n<title>Fruit de la passion jaune Box 1KG - Boutique Les 4 Saisons du Vexin<\/title>\n<meta name=\"robots\" content=\"index, follow, max-snippet:-1, max-image-preview:large, max-video-preview:-1\" \/>\n<link rel=\"canonical\" href=\"https:\/\/shop.les4saisonsduvexin.com\/index.php\/produit\/fruit-de-la-passion-jaune-box-1kg\/\" \/>\n<meta property=\"og:locale\" content=\"fr_FR\" \/>\n<meta property=\"og:type\" content=\"article\" \/>\n<meta property=\"og:title\" content=\"Fruit de la passion jaune Box 1KG - Boutique Les 4 Saisons du Vexin\" \/>\n<meta property=\"og:description\" content=\"Si le fruit de la passion poss\u00e8de un nom original, il est surtout connu pour\u00a0sa saveur exceptionnelle. Faites entrer l&rsquo;exotisme dans la cuisine et offrez de nouvelles sensations \u00e0 votre palais en accommodant ce fruit dans vos\u00a0pr\u00e9parations sal\u00e9es, sucr\u00e9es et vos cocktails\u00a0! Il poss\u00e8de \u00e9galement de r\u00e9elles\u00a0qualit\u00e9s nutritionnelles. 1 fruit de la passion a la\u00a0forme    Continue Reading\" \/>\n<meta property=\"og:url\" content=\"https:\/\/shop.les4saisonsduvexin.com\/index.php\/produit\/fruit-de-la-passion-jaune-box-1kg\/\" \/>\n<meta property=\"og:site_name\" content=\"Boutique Les 4 Saisons du Vexin\" \/>\n<meta property=\"article:modified_time\" content=\"2026-04-02T17:00:00+00:00\" \/>\n<meta property=\"og:image\" content=\"https:\/\/shop.les4saisonsduvexin.com\/wp-content\/uploads\/fruit-passion-jaune-coupe-deux-feuille-verte-isolee-fond-blanc-chemin-detourage_252965-484.jpg\" \/>\n\t<meta property=\"og:image:width\" content=\"626\" \/>\n\t<meta property=\"og:image:height\" content=\"417\" \/>\n\t<meta property=\"og:image:type\" content=\"image\/jpeg\" \/>\n<meta name=\"twitter:card\" content=\"summary_large_image\" \/>\n<meta name=\"twitter:label1\" content=\"Dur\u00e9e de lecture estim\u00e9e\" \/>\n\t<meta name=\"twitter:data1\" content=\"2 minutes\" \/>\n<script type=\"application\/ld+json\" class=\"yoast-schema-graph\">{\"@context\":\"https:\\\/\\\/schema.org\",\"@graph\":[{\"@type\":\"WebPage\",\"@id\":\"https:\\\/\\\/shop.les4saisonsduvexin.com\\\/index.php\\\/produit\\\/fruit-de-la-passion-jaune-box-1kg\\\/\",\"url\":\"https:\\\/\\\/shop.les4saisonsduvexin.com\\\/index.php\\\/produit\\\/fruit-de-la-passion-jaune-box-1kg\\\/\",\"name\":\"Fruit de la passion jaune Box 1KG - Boutique Les 4 Saisons du Vexin\",\"isPartOf\":{\"@id\":\"https:\\\/\\\/shop.les4saisonsduvexin.com\\\/#website\"},\"primaryImageOfPage\":{\"@id\":\"https:\\\/\\\/shop.les4saisonsduvexin.com\\\/index.php\\\/produit\\\/fruit-de-la-passion-jaune-box-1kg\\\/#primaryimage\"},\"image\":{\"@id\":\"https:\\\/\\\/shop.les4saisonsduvexin.com\\\/index.php\\\/produit\\\/fruit-de-la-passion-jaune-box-1kg\\\/#primaryimage\"},\"thumbnailUrl\":\"https:\\\/\\\/shop.les4saisonsduvexin.com\\\/wp-content\\\/uploads\\\/fruit-passion-jaune-coupe-deux-feuille-verte-isolee-fond-blanc-chemin-detourage_252965-484.jpg\",\"datePublished\":\"2025-03-10T11:13:40+00:00\",\"dateModified\":\"2026-04-02T17:00:00+00:00\",\"breadcrumb\":{\"@id\":\"https:\\\/\\\/shop.les4saisonsduvexin.com\\\/index.php\\\/produit\\\/fruit-de-la-passion-jaune-box-1kg\\\/#breadcrumb\"},\"inLanguage\":\"fr-FR\",\"potentialAction\":[{\"@type\":\"ReadAction\",\"target\":[\"https:\\\/\\\/shop.les4saisonsduvexin.com\\\/index.php\\\/produit\\\/fruit-de-la-passion-jaune-box-1kg\\\/\"]}]},{\"@type\":\"ImageObject\",\"inLanguage\":\"fr-FR\",\"@id\":\"https:\\\/\\\/shop.les4saisonsduvexin.com\\\/index.php\\\/produit\\\/fruit-de-la-passion-jaune-box-1kg\\\/#primaryimage\",\"url\":\"https:\\\/\\\/shop.les4saisonsduvexin.com\\\/wp-content\\\/uploads\\\/fruit-passion-jaune-coupe-deux-feuille-verte-isolee-fond-blanc-chemin-detourage_252965-484.jpg\",\"contentUrl\":\"https:\\\/\\\/shop.les4saisonsduvexin.com\\\/wp-content\\\/uploads\\\/fruit-passion-jaune-coupe-deux-feuille-verte-isolee-fond-blanc-chemin-detourage_252965-484.jpg\",\"width\":626,\"height\":417},{\"@type\":\"BreadcrumbList\",\"@id\":\"https:\\\/\\\/shop.les4saisonsduvexin.com\\\/index.php\\\/produit\\\/fruit-de-la-passion-jaune-box-1kg\\\/#breadcrumb\",\"itemListElement\":[{\"@type\":\"ListItem\",\"position\":1,\"name\":\"Accueil\",\"item\":\"https:\\\/\\\/shop.les4saisonsduvexin.com\\\/\"},{\"@type\":\"ListItem\",\"position\":2,\"name\":\"Boutique\",\"item\":\"https:\\\/\\\/shop.les4saisonsduvexin.com\\\/\"},{\"@type\":\"ListItem\",\"position\":3,\"name\":\"Fruit de la passion jaune Box 1KG\"}]},{\"@type\":\"WebSite\",\"@id\":\"https:\\\/\\\/shop.les4saisonsduvexin.com\\\/#website\",\"url\":\"https:\\\/\\\/shop.les4saisonsduvexin.com\\\/\",\"name\":\"Boutique Les 4 Saisons du Vexin\",\"description\":\"\",\"publisher\":{\"@id\":\"https:\\\/\\\/shop.les4saisonsduvexin.com\\\/#organization\"},\"potentialAction\":[{\"@type\":\"SearchAction\",\"target\":{\"@type\":\"EntryPoint\",\"urlTemplate\":\"https:\\\/\\\/shop.les4saisonsduvexin.com\\\/?s={search_term_string}\"},\"query-input\":{\"@type\":\"PropertyValueSpecification\",\"valueRequired\":true,\"valueName\":\"search_term_string\"}}],\"inLanguage\":\"fr-FR\"},{\"@type\":\"Organization\",\"@id\":\"https:\\\/\\\/shop.les4saisonsduvexin.com\\\/#organization\",\"name\":\"Boutique Les 4 Saisons du Vexin\",\"url\":\"https:\\\/\\\/shop.les4saisonsduvexin.com\\\/\",\"logo\":{\"@type\":\"ImageObject\",\"inLanguage\":\"fr-FR\",\"@id\":\"https:\\\/\\\/shop.les4saisonsduvexin.com\\\/#\\\/schema\\\/logo\\\/image\\\/\",\"url\":\"https:\\\/\\\/shop.les4saisonsduvexin.com\\\/wp-content\\\/uploads\\\/Logo-4-saisons-du-vexin.png\",\"contentUrl\":\"https:\\\/\\\/shop.les4saisonsduvexin.com\\\/wp-content\\\/uploads\\\/Logo-4-saisons-du-vexin.png\",\"width\":200,\"height\":97,\"caption\":\"Boutique Les 4 Saisons du Vexin\"},\"image\":{\"@id\":\"https:\\\/\\\/shop.les4saisonsduvexin.com\\\/#\\\/schema\\\/logo\\\/image\\\/\"}}]}<\/script>\n<!-- \/ Yoast SEO plugin. -->","yoast_head_json":{"title":"Fruit de la passion jaune Box 1KG - Boutique Les 4 Saisons du Vexin","robots":{"index":"index","follow":"follow","max-snippet":"max-snippet:-1","max-image-preview":"max-image-preview:large","max-video-preview":"max-video-preview:-1"},"canonical":"https:\/\/shop.les4saisonsduvexin.com\/index.php\/produit\/fruit-de-la-passion-jaune-box-1kg\/","og_locale":"fr_FR","og_type":"article","og_title":"Fruit de la passion jaune Box 1KG - Boutique Les 4 Saisons du Vexin","og_description":"Si le fruit de la passion poss\u00e8de un nom original, il est surtout connu pour\u00a0sa saveur exceptionnelle. Faites entrer l&rsquo;exotisme dans la cuisine et offrez de nouvelles sensations \u00e0 votre palais en accommodant ce fruit dans vos\u00a0pr\u00e9parations sal\u00e9es, sucr\u00e9es et vos cocktails\u00a0! Il poss\u00e8de \u00e9galement de r\u00e9elles\u00a0qualit\u00e9s nutritionnelles. 1 fruit de la passion a la\u00a0forme    Continue Reading","og_url":"https:\/\/shop.les4saisonsduvexin.com\/index.php\/produit\/fruit-de-la-passion-jaune-box-1kg\/","og_site_name":"Boutique Les 4 Saisons du Vexin","article_modified_time":"2026-04-02T17:00:00+00:00","og_image":[{"width":626,"height":417,"url":"https:\/\/shop.les4saisonsduvexin.com\/wp-content\/uploads\/fruit-passion-jaune-coupe-deux-feuille-verte-isolee-fond-blanc-chemin-detourage_252965-484.jpg","type":"image\/jpeg"}],"twitter_card":"summary_large_image","twitter_misc":{"Dur\u00e9e de lecture estim\u00e9e":"2 minutes"},"schema":{"@context":"https:\/\/schema.org","@graph":[{"@type":"WebPage","@id":"https:\/\/shop.les4saisonsduvexin.com\/index.php\/produit\/fruit-de-la-passion-jaune-box-1kg\/","url":"https:\/\/shop.les4saisonsduvexin.com\/index.php\/produit\/fruit-de-la-passion-jaune-box-1kg\/","name":"Fruit de la passion jaune Box 1KG - Boutique Les 4 Saisons du Vexin","isPartOf":{"@id":"https:\/\/shop.les4saisonsduvexin.com\/#website"},"primaryImageOfPage":{"@id":"https:\/\/shop.les4saisonsduvexin.com\/index.php\/produit\/fruit-de-la-passion-jaune-box-1kg\/#primaryimage"},"image":{"@id":"https:\/\/shop.les4saisonsduvexin.com\/index.php\/produit\/fruit-de-la-passion-jaune-box-1kg\/#primaryimage"},"thumbnailUrl":"https:\/\/shop.les4saisonsduvexin.com\/wp-content\/uploads\/fruit-passion-jaune-coupe-deux-feuille-verte-isolee-fond-blanc-chemin-detourage_252965-484.jpg","datePublished":"2025-03-10T11:13:40+00:00","dateModified":"2026-04-02T17:00:00+00:00","breadcrumb":{"@id":"https:\/\/shop.les4saisonsduvexin.com\/index.php\/produit\/fruit-de-la-passion-jaune-box-1kg\/#breadcrumb"},"inLanguage":"fr-FR","potentialAction":[{"@type":"ReadAction","target":["https:\/\/shop.les4saisonsduvexin.com\/index.php\/produit\/fruit-de-la-passion-jaune-box-1kg\/"]}]},{"@type":"ImageObject","inLanguage":"fr-FR","@id":"https:\/\/shop.les4saisonsduvexin.com\/index.php\/produit\/fruit-de-la-passion-jaune-box-1kg\/#primaryimage","url":"https:\/\/shop.les4saisonsduvexin.com\/wp-content\/uploads\/fruit-passion-jaune-coupe-deux-feuille-verte-isolee-fond-blanc-chemin-detourage_252965-484.jpg","contentUrl":"https:\/\/shop.les4saisonsduvexin.com\/wp-content\/uploads\/fruit-passion-jaune-coupe-deux-feuille-verte-isolee-fond-blanc-chemin-detourage_252965-484.jpg","width":626,"height":417},{"@type":"BreadcrumbList","@id":"https:\/\/shop.les4saisonsduvexin.com\/index.php\/produit\/fruit-de-la-passion-jaune-box-1kg\/#breadcrumb","itemListElement":[{"@type":"ListItem","position":1,"name":"Accueil","item":"https:\/\/shop.les4saisonsduvexin.com\/"},{"@type":"ListItem","position":2,"name":"Boutique","item":"https:\/\/shop.les4saisonsduvexin.com\/"},{"@type":"ListItem","position":3,"name":"Fruit de la passion jaune Box 1KG"}]},{"@type":"WebSite","@id":"https:\/\/shop.les4saisonsduvexin.com\/#website","url":"https:\/\/shop.les4saisonsduvexin.com\/","name":"Boutique Les 4 Saisons du Vexin","description":"","publisher":{"@id":"https:\/\/shop.les4saisonsduvexin.com\/#organization"},"potentialAction":[{"@type":"SearchAction","target":{"@type":"EntryPoint","urlTemplate":"https:\/\/shop.les4saisonsduvexin.com\/?s={search_term_string}"},"query-input":{"@type":"PropertyValueSpecification","valueRequired":true,"valueName":"search_term_string"}}],"inLanguage":"fr-FR"},{"@type":"Organization","@id":"https:\/\/shop.les4saisonsduvexin.com\/#organization","name":"Boutique Les 4 Saisons du Vexin","url":"https:\/\/shop.les4saisonsduvexin.com\/","logo":{"@type":"ImageObject","inLanguage":"fr-FR","@id":"https:\/\/shop.les4saisonsduvexin.com\/#\/schema\/logo\/image\/","url":"https:\/\/shop.les4saisonsduvexin.com\/wp-content\/uploads\/Logo-4-saisons-du-vexin.png","contentUrl":"https:\/\/shop.les4saisonsduvexin.com\/wp-content\/uploads\/Logo-4-saisons-du-vexin.png","width":200,"height":97,"caption":"Boutique Les 4 Saisons du Vexin"},"image":{"@id":"https:\/\/shop.les4saisonsduvexin.com\/#\/schema\/logo\/image\/"}}]}},"jetpack_sharing_enabled":true,"tiered_pricing_type":"fixed","tiered_pricing_fixed_rules":[],"tiered_pricing_product_settings":{"layout":"default","base_unit_name":{"singular":null,"plural":null},"default_variation":null},"tiered_pricing_minimum_quantity":null,"tiered_pricing_roles_data":[],"tiered_pricing_percentage_rules":[],"_links":{"self":[{"href":"https:\/\/shop.les4saisonsduvexin.com\/index.php\/wp-json\/wp\/v2\/product\/4944","targetHints":{"allow":["GET"]}}],"collection":[{"href":"https:\/\/shop.les4saisonsduvexin.com\/index.php\/wp-json\/wp\/v2\/product"}],"about":[{"href":"https:\/\/shop.les4saisonsduvexin.com\/index.php\/wp-json\/wp\/v2\/types\/product"}],"wp:featuredmedia":[{"embeddable":true,"href":"https:\/\/shop.les4saisonsduvexin.com\/index.php\/wp-json\/wp\/v2\/media\/4870"}],"wp:attachment":[{"href":"https:\/\/shop.les4saisonsduvexin.com\/index.php\/wp-json\/wp\/v2\/media?parent=4944"}],"wp:term":[{"taxonomy":"product_brand","embeddable":true,"href":"https:\/\/shop.les4saisonsduvexin.com\/index.php\/wp-json\/wp\/v2\/product_brand?post=4944"},{"taxonomy":"product_cat","embeddable":true,"href":"https:\/\/shop.les4saisonsduvexin.com\/index.php\/wp-json\/wp\/v2\/product_cat?post=4944"},{"taxonomy":"product_tag","embeddable":true,"href":"https:\/\/shop.les4saisonsduvexin.com\/index.php\/wp-json\/wp\/v2\/product_tag?post=4944"}],"curies":[{"name":"wp","href":"https:\/\/api.w.org\/{rel}","templated":true}]}}